{"id":3686796,"date":"2025-10-13T13:27:02","date_gmt":"2025-10-13T17:27:02","guid":{"rendered":"https:\/\/stoic-curie.212-227-153-4.plesk.page\/product\/polusinteticka-plava-mast-500ml\/"},"modified":"2026-02-25T00:00:33","modified_gmt":"2026-02-25T00:00:33","slug":"polusinteticka-plava-mast-500ml","status":"publish","type":"product","link":"https:\/\/stoic-curie.212-227-153-4.plesk.page\/hr\/product\/polusinteticka-plava-mast-500ml\/","title":{"rendered":"Polusinteti\u010dka plava mast 500ml"},"content":{"rendered":"<p>Polusinteti\u010dka plava mast 500ml &#8211; <\/p>\n<p>Semi-sinteti\u010dka mast s izvrsnom prianjanjem, vodoodbojna, nije izbrisiva ki\u0161om, slanom vodom ili centrifugalnom silom. \u010cini sve navojne brave vodonepropusnima. Pogodno za podmazivanje i dugotrajnu za\u0161titu sve opreme na brodu.<\/p>\n","protected":false},"excerpt":{"rendered":"<p>Polusinteti\u010dka plava mast 500ml &#8211; Semi-sinteti\u010dka mast s izvrsnom prianjanjem, vodoodbojna, nije izbrisiva ki\u0161om, slanom vodom ili centrifugalnom silom. \u010cini<\/p>\n","protected":false},"featured_media":5935833,"comment_status":"closed","ping_status":"closed","template":"","meta":[],"product_brand":[2871],"product_cat":[1795],"product_tag":[],"class_list":{"0":"post-3686796","1":"product","2":"type-product","3":"status-publish","4":"has-post-thumbnail","6":"product_brand-crc-marine-hr","7":"product_cat-brodska-maziva","9":"first","10":"instock","11":"shipping-taxable","12":"purchasable","13":"product-type-simple"},"_links":{"self":[{"href":"https:\/\/stoic-curie.212-227-153-4.plesk.page\/hr\/wp-json\/wp\/v2\/product\/3686796","targetHints":{"allow":["GET"]}}],"collection":[{"href":"https:\/\/stoic-curie.212-227-153-4.plesk.page\/hr\/wp-json\/wp\/v2\/product"}],"about":[{"href":"https:\/\/stoic-curie.212-227-153-4.plesk.page\/hr\/wp-json\/wp\/v2\/types\/product"}],"replies":[{"embeddable":true,"href":"https:\/\/stoic-curie.212-227-153-4.plesk.page\/hr\/wp-json\/wp\/v2\/comments?post=3686796"}],"version-history":[{"count":0,"href":"https:\/\/stoic-curie.212-227-153-4.plesk.page\/hr\/wp-json\/wp\/v2\/product\/3686796\/revisions"}],"wp:featuredmedia":[{"embeddable":true,"href":"https:\/\/stoic-curie.212-227-153-4.plesk.page\/hr\/wp-json\/wp\/v2\/media\/5935833"}],"wp:attachment":[{"href":"https:\/\/stoic-curie.212-227-153-4.plesk.page\/hr\/wp-json\/wp\/v2\/media?parent=3686796"}],"wp:term":[{"taxonomy":"product_brand","embeddable":true,"href":"https:\/\/stoic-curie.212-227-153-4.plesk.page\/hr\/wp-json\/wp\/v2\/product_brand?post=3686796"},{"taxonomy":"product_cat","embeddable":true,"href":"https:\/\/stoic-curie.212-227-153-4.plesk.page\/hr\/wp-json\/wp\/v2\/product_cat?post=3686796"},{"taxonomy":"product_tag","embeddable":true,"href":"https:\/\/stoic-curie.212-227-153-4.plesk.page\/hr\/wp-json\/wp\/v2\/product_tag?post=3686796"}],"curies":[{"name":"wp","href":"https:\/\/api.w.org\/{rel}","templated":true}]}}