{"id":3686797,"date":"2025-10-13T13:27:02","date_gmt":"2025-10-13T17:27:02","guid":{"rendered":"https:\/\/stoic-curie.212-227-153-4.plesk.page\/product\/nauticko-visenamjensko-ljepilo-850g\/"},"modified":"2026-02-25T00:00:33","modified_gmt":"2026-02-25T00:00:33","slug":"nauticko-visenamjensko-ljepilo-850g","status":"publish","type":"product","link":"https:\/\/stoic-curie.212-227-153-4.plesk.page\/hr\/product\/nauticko-visenamjensko-ljepilo-850g\/","title":{"rendered":"Nauti\u010dko vi\u0161enamjensko ljepilo 850g"},"content":{"rendered":"<p>Nauti\u010dko vi\u0161enamjensko ljepilo 850g &#8211; <\/p>\n<p>Srednje viskozni jednokomponentni ljepilo koje se nanosi lopaticom za lijepljenje plasti\u010dnih laminata, platna i tepiha na chipboard, pluta, drvo, \u0161perplo\u010du i metal.<\/p>\n","protected":false},"excerpt":{"rendered":"<p>Nauti\u010dko vi\u0161enamjensko ljepilo 850g &#8211; Srednje viskozni jednokomponentni ljepilo koje se nanosi lopaticom za lijepljenje plasti\u010dnih laminata, platna i tepiha<\/p>\n","protected":false},"featured_media":5936416,"comment_status":"closed","ping_status":"closed","template":"","meta":[],"product_brand":[3236],"product_cat":[1637],"product_tag":[],"class_list":{"0":"post-3686797","1":"product","2":"type-product","3":"status-publish","4":"has-post-thumbnail","6":"product_brand-osculati-hr","7":"product_cat-ljepila-i-brtvila","9":"first","10":"instock","11":"shipping-taxable","12":"purchasable","13":"product-type-simple"},"_links":{"self":[{"href":"https:\/\/stoic-curie.212-227-153-4.plesk.page\/hr\/wp-json\/wp\/v2\/product\/3686797","targetHints":{"allow":["GET"]}}],"collection":[{"href":"https:\/\/stoic-curie.212-227-153-4.plesk.page\/hr\/wp-json\/wp\/v2\/product"}],"about":[{"href":"https:\/\/stoic-curie.212-227-153-4.plesk.page\/hr\/wp-json\/wp\/v2\/types\/product"}],"replies":[{"embeddable":true,"href":"https:\/\/stoic-curie.212-227-153-4.plesk.page\/hr\/wp-json\/wp\/v2\/comments?post=3686797"}],"version-history":[{"count":0,"href":"https:\/\/stoic-curie.212-227-153-4.plesk.page\/hr\/wp-json\/wp\/v2\/product\/3686797\/revisions"}],"wp:featuredmedia":[{"embeddable":true,"href":"https:\/\/stoic-curie.212-227-153-4.plesk.page\/hr\/wp-json\/wp\/v2\/media\/5936416"}],"wp:attachment":[{"href":"https:\/\/stoic-curie.212-227-153-4.plesk.page\/hr\/wp-json\/wp\/v2\/media?parent=3686797"}],"wp:term":[{"taxonomy":"product_brand","embeddable":true,"href":"https:\/\/stoic-curie.212-227-153-4.plesk.page\/hr\/wp-json\/wp\/v2\/product_brand?post=3686797"},{"taxonomy":"product_cat","embeddable":true,"href":"https:\/\/stoic-curie.212-227-153-4.plesk.page\/hr\/wp-json\/wp\/v2\/product_cat?post=3686797"},{"taxonomy":"product_tag","embeddable":true,"href":"https:\/\/stoic-curie.212-227-153-4.plesk.page\/hr\/wp-json\/wp\/v2\/product_tag?post=3686797"}],"curies":[{"name":"wp","href":"https:\/\/api.w.org\/{rel}","templated":true}]}}