{"id":3686840,"date":"2025-10-13T13:27:26","date_gmt":"2025-10-13T17:27:26","guid":{"rendered":"https:\/\/stoic-curie.212-227-153-4.plesk.page\/product\/plocica-od-nehrdajuceg-celika-35x40mm-s-o-prstenom-6mm\/"},"modified":"2026-02-25T00:00:34","modified_gmt":"2026-02-25T00:00:34","slug":"plocica-od-nehrdajuceg-celika-35x40mm-s-o-prstenom-6mm","status":"publish","type":"product","link":"https:\/\/stoic-curie.212-227-153-4.plesk.page\/hr\/product\/plocica-od-nehrdajuceg-celika-35x40mm-s-o-prstenom-6mm\/","title":{"rendered":"Plo\u010dica od nehr\u0111aju\u0107eg \u010delika 35x40mm s O prstenom 6mm"},"content":{"rendered":"<p>Plo\u010dica od nehr\u0111aju\u0107eg \u010delika 35x40mm s O prstenom 6mm &#8211; <\/p>\n<p>Nehr\u0111aju\u0107i \u010deli\u010dni okrugli nosa\u010d s 4 rupe i O-prstenom.<\/p>\n","protected":false},"excerpt":{"rendered":"<p>Plo\u010dica od nehr\u0111aju\u0107eg \u010delika 35x40mm s O prstenom 6mm &#8211; Nehr\u0111aju\u0107i \u010deli\u010dni okrugli nosa\u010d s 4 rupe i O-prstenom.<\/p>\n","protected":false},"featured_media":5936450,"comment_status":"closed","ping_status":"closed","template":"","meta":[],"product_brand":[3121],"product_cat":[1682,1765],"product_tag":[],"class_list":{"0":"post-3686840","1":"product","2":"type-product","3":"status-publish","4":"has-post-thumbnail","6":"product_brand-marinetech-hr","7":"product_cat-palubna-oprema","8":"product_cat-pribor-i-oprema-za-brodice-i-jedrilice","10":"first","11":"instock","12":"shipping-taxable","13":"purchasable","14":"product-type-simple"},"_links":{"self":[{"href":"https:\/\/stoic-curie.212-227-153-4.plesk.page\/hr\/wp-json\/wp\/v2\/product\/3686840","targetHints":{"allow":["GET"]}}],"collection":[{"href":"https:\/\/stoic-curie.212-227-153-4.plesk.page\/hr\/wp-json\/wp\/v2\/product"}],"about":[{"href":"https:\/\/stoic-curie.212-227-153-4.plesk.page\/hr\/wp-json\/wp\/v2\/types\/product"}],"replies":[{"embeddable":true,"href":"https:\/\/stoic-curie.212-227-153-4.plesk.page\/hr\/wp-json\/wp\/v2\/comments?post=3686840"}],"version-history":[{"count":0,"href":"https:\/\/stoic-curie.212-227-153-4.plesk.page\/hr\/wp-json\/wp\/v2\/product\/3686840\/revisions"}],"wp:featuredmedia":[{"embeddable":true,"href":"https:\/\/stoic-curie.212-227-153-4.plesk.page\/hr\/wp-json\/wp\/v2\/media\/5936450"}],"wp:attachment":[{"href":"https:\/\/stoic-curie.212-227-153-4.plesk.page\/hr\/wp-json\/wp\/v2\/media?parent=3686840"}],"wp:term":[{"taxonomy":"product_brand","embeddable":true,"href":"https:\/\/stoic-curie.212-227-153-4.plesk.page\/hr\/wp-json\/wp\/v2\/product_brand?post=3686840"},{"taxonomy":"product_cat","embeddable":true,"href":"https:\/\/stoic-curie.212-227-153-4.plesk.page\/hr\/wp-json\/wp\/v2\/product_cat?post=3686840"},{"taxonomy":"product_tag","embeddable":true,"href":"https:\/\/stoic-curie.212-227-153-4.plesk.page\/hr\/wp-json\/wp\/v2\/product_tag?post=3686840"}],"curies":[{"name":"wp","href":"https:\/\/api.w.org\/{rel}","templated":true}]}}