{"id":3686871,"date":"2025-10-13T13:27:33","date_gmt":"2025-10-13T17:27:33","guid":{"rendered":"https:\/\/stoic-curie.212-227-153-4.plesk.page\/product\/southco-grabber-kvaka-za-ormar-48x28mm\/"},"modified":"2026-02-25T00:00:34","modified_gmt":"2026-02-25T00:00:34","slug":"southco-grabber-kvaka-za-ormar-48x28mm","status":"publish","type":"product","link":"https:\/\/stoic-curie.212-227-153-4.plesk.page\/hr\/product\/southco-grabber-kvaka-za-ormar-48x28mm\/","title":{"rendered":"Southco Grabber kvaka za ormar 48x28mm"},"content":{"rendered":"<p>Southco Grabber kvaka za ormar 48x28mm &#8211; <\/p>\n<p>Southco Grabber je poja\u010dani plasti\u010dni zaklju\u010davanje za ladice i vrata.<\/p>\n","protected":false},"excerpt":{"rendered":"<p>Southco Grabber kvaka za ormar 48x28mm &#8211; Southco Grabber je poja\u010dani plasti\u010dni zaklju\u010davanje za ladice i vrata.<\/p>\n","protected":false},"featured_media":5936465,"comment_status":"closed","ping_status":"closed","template":"","meta":[],"product_brand":[3416],"product_cat":[1710],"product_tag":[],"class_list":{"0":"post-3686871","1":"product","2":"type-product","3":"status-publish","4":"has-post-thumbnail","6":"product_brand-southco-mobella-hr","7":"product_cat-pribor-za-brodske-kabine","9":"first","10":"instock","11":"shipping-taxable","12":"purchasable","13":"product-type-simple"},"_links":{"self":[{"href":"https:\/\/stoic-curie.212-227-153-4.plesk.page\/hr\/wp-json\/wp\/v2\/product\/3686871","targetHints":{"allow":["GET"]}}],"collection":[{"href":"https:\/\/stoic-curie.212-227-153-4.plesk.page\/hr\/wp-json\/wp\/v2\/product"}],"about":[{"href":"https:\/\/stoic-curie.212-227-153-4.plesk.page\/hr\/wp-json\/wp\/v2\/types\/product"}],"replies":[{"embeddable":true,"href":"https:\/\/stoic-curie.212-227-153-4.plesk.page\/hr\/wp-json\/wp\/v2\/comments?post=3686871"}],"version-history":[{"count":0,"href":"https:\/\/stoic-curie.212-227-153-4.plesk.page\/hr\/wp-json\/wp\/v2\/product\/3686871\/revisions"}],"wp:featuredmedia":[{"embeddable":true,"href":"https:\/\/stoic-curie.212-227-153-4.plesk.page\/hr\/wp-json\/wp\/v2\/media\/5936465"}],"wp:attachment":[{"href":"https:\/\/stoic-curie.212-227-153-4.plesk.page\/hr\/wp-json\/wp\/v2\/media?parent=3686871"}],"wp:term":[{"taxonomy":"product_brand","embeddable":true,"href":"https:\/\/stoic-curie.212-227-153-4.plesk.page\/hr\/wp-json\/wp\/v2\/product_brand?post=3686871"},{"taxonomy":"product_cat","embeddable":true,"href":"https:\/\/stoic-curie.212-227-153-4.plesk.page\/hr\/wp-json\/wp\/v2\/product_cat?post=3686871"},{"taxonomy":"product_tag","embeddable":true,"href":"https:\/\/stoic-curie.212-227-153-4.plesk.page\/hr\/wp-json\/wp\/v2\/product_tag?post=3686871"}],"curies":[{"name":"wp","href":"https:\/\/api.w.org\/{rel}","templated":true}]}}