{"id":3686878,"date":"2025-10-13T13:27:35","date_gmt":"2025-10-13T17:27:35","guid":{"rendered":"https:\/\/stoic-curie.212-227-153-4.plesk.page\/product\/navojna-sipka-a2-din-975-m10-1-m\/"},"modified":"2026-02-25T00:00:34","modified_gmt":"2026-02-25T00:00:34","slug":"navojna-sipka-a2-din-975-m10-1-m","status":"publish","type":"product","link":"https:\/\/stoic-curie.212-227-153-4.plesk.page\/hr\/product\/navojna-sipka-a2-din-975-m10-1-m\/","title":{"rendered":"Navojna \u0161ipka A2 DIN 975 M10, 1 m"},"content":{"rendered":"<p>Navojna \u0161ipka A2 DIN 975 M10, 1 m &#8211; <\/p>\n<p>Vij\u010dane \u0161ipke od nehr\u0111aju\u0107eg \u010delika DIN 975 A2 duga\u010dke 1 metar.<\/p>\n","protected":false},"excerpt":{"rendered":"<p>Navojna \u0161ipka A2 DIN 975 M10, 1 m &#8211; Vij\u010dane \u0161ipke od nehr\u0111aju\u0107eg \u010delika DIN 975 A2 duga\u010dke 1 metar.<\/p>\n","protected":false},"featured_media":5936480,"comment_status":"closed","ping_status":"closed","template":"","meta":[],"product_brand":[3121],"product_cat":[1725],"product_tag":[],"class_list":{"0":"post-3686878","1":"product","2":"type-product","3":"status-publish","4":"has-post-thumbnail","6":"product_brand-marinetech-hr","7":"product_cat-navojne-sipke-od-nehrdajuceg-celika","9":"first","10":"instock","11":"shipping-taxable","12":"purchasable","13":"product-type-simple"},"_links":{"self":[{"href":"https:\/\/stoic-curie.212-227-153-4.plesk.page\/hr\/wp-json\/wp\/v2\/product\/3686878","targetHints":{"allow":["GET"]}}],"collection":[{"href":"https:\/\/stoic-curie.212-227-153-4.plesk.page\/hr\/wp-json\/wp\/v2\/product"}],"about":[{"href":"https:\/\/stoic-curie.212-227-153-4.plesk.page\/hr\/wp-json\/wp\/v2\/types\/product"}],"replies":[{"embeddable":true,"href":"https:\/\/stoic-curie.212-227-153-4.plesk.page\/hr\/wp-json\/wp\/v2\/comments?post=3686878"}],"version-history":[{"count":0,"href":"https:\/\/stoic-curie.212-227-153-4.plesk.page\/hr\/wp-json\/wp\/v2\/product\/3686878\/revisions"}],"wp:featuredmedia":[{"embeddable":true,"href":"https:\/\/stoic-curie.212-227-153-4.plesk.page\/hr\/wp-json\/wp\/v2\/media\/5936480"}],"wp:attachment":[{"href":"https:\/\/stoic-curie.212-227-153-4.plesk.page\/hr\/wp-json\/wp\/v2\/media?parent=3686878"}],"wp:term":[{"taxonomy":"product_brand","embeddable":true,"href":"https:\/\/stoic-curie.212-227-153-4.plesk.page\/hr\/wp-json\/wp\/v2\/product_brand?post=3686878"},{"taxonomy":"product_cat","embeddable":true,"href":"https:\/\/stoic-curie.212-227-153-4.plesk.page\/hr\/wp-json\/wp\/v2\/product_cat?post=3686878"},{"taxonomy":"product_tag","embeddable":true,"href":"https:\/\/stoic-curie.212-227-153-4.plesk.page\/hr\/wp-json\/wp\/v2\/product_tag?post=3686878"}],"curies":[{"name":"wp","href":"https:\/\/api.w.org\/{rel}","templated":true}]}}