{"id":3686887,"date":"2025-10-13T13:27:37","date_gmt":"2025-10-13T17:27:37","guid":{"rendered":"https:\/\/stoic-curie.212-227-153-4.plesk.page\/product\/profilirani-rukohvat-d22-od-nehrdajuceg-celika-m8-300-mm\/"},"modified":"2026-02-25T00:00:34","modified_gmt":"2026-02-25T00:00:34","slug":"profilirani-rukohvat-d22-od-nehrdajuceg-celika-m8-300-mm","status":"publish","type":"product","link":"https:\/\/stoic-curie.212-227-153-4.plesk.page\/hr\/product\/profilirani-rukohvat-d22-od-nehrdajuceg-celika-m8-300-mm\/","title":{"rendered":"Profilirani rukohvat D22 od nehr\u0111aju\u0107eg \u010delika M8, 300 mm"},"content":{"rendered":"<p>Profilirani rukohvat D22 od nehr\u0111aju\u0107eg \u010delika M8, 300 mm &#8211; <\/p>\n<p>Oslonac od nehr\u0111aju\u0107eg \u010delika 316 s ogledalom. Ulo\u017eak s navojem za jednostavno monta\u017eu kroz palubu.<\/p>\n","protected":false},"excerpt":{"rendered":"<p>Profilirani rukohvat D22 od nehr\u0111aju\u0107eg \u010delika M8, 300 mm &#8211; Oslonac od nehr\u0111aju\u0107eg \u010delika 316 s ogledalom. Ulo\u017eak s navojem<\/p>\n","protected":false},"featured_media":5936494,"comment_status":"closed","ping_status":"closed","template":"","meta":[],"product_brand":[3121],"product_cat":[1707],"product_tag":[],"class_list":{"0":"post-3686887","1":"product","2":"type-product","3":"status-publish","4":"has-post-thumbnail","6":"product_brand-marinetech-hr","7":"product_cat-brodski-rukohvati","9":"first","10":"instock","11":"shipping-taxable","12":"purchasable","13":"product-type-simple"},"_links":{"self":[{"href":"https:\/\/stoic-curie.212-227-153-4.plesk.page\/hr\/wp-json\/wp\/v2\/product\/3686887","targetHints":{"allow":["GET"]}}],"collection":[{"href":"https:\/\/stoic-curie.212-227-153-4.plesk.page\/hr\/wp-json\/wp\/v2\/product"}],"about":[{"href":"https:\/\/stoic-curie.212-227-153-4.plesk.page\/hr\/wp-json\/wp\/v2\/types\/product"}],"replies":[{"embeddable":true,"href":"https:\/\/stoic-curie.212-227-153-4.plesk.page\/hr\/wp-json\/wp\/v2\/comments?post=3686887"}],"version-history":[{"count":0,"href":"https:\/\/stoic-curie.212-227-153-4.plesk.page\/hr\/wp-json\/wp\/v2\/product\/3686887\/revisions"}],"wp:featuredmedia":[{"embeddable":true,"href":"https:\/\/stoic-curie.212-227-153-4.plesk.page\/hr\/wp-json\/wp\/v2\/media\/5936494"}],"wp:attachment":[{"href":"https:\/\/stoic-curie.212-227-153-4.plesk.page\/hr\/wp-json\/wp\/v2\/media?parent=3686887"}],"wp:term":[{"taxonomy":"product_brand","embeddable":true,"href":"https:\/\/stoic-curie.212-227-153-4.plesk.page\/hr\/wp-json\/wp\/v2\/product_brand?post=3686887"},{"taxonomy":"product_cat","embeddable":true,"href":"https:\/\/stoic-curie.212-227-153-4.plesk.page\/hr\/wp-json\/wp\/v2\/product_cat?post=3686887"},{"taxonomy":"product_tag","embeddable":true,"href":"https:\/\/stoic-curie.212-227-153-4.plesk.page\/hr\/wp-json\/wp\/v2\/product_tag?post=3686887"}],"curies":[{"name":"wp","href":"https:\/\/api.w.org\/{rel}","templated":true}]}}