{"id":3686895,"date":"2025-10-13T13:27:39","date_gmt":"2025-10-13T17:27:39","guid":{"rendered":"https:\/\/stoic-curie.212-227-153-4.plesk.page\/product\/rukohvati-fast-1classic-d22-1100mm-nehrdajuci-celik\/"},"modified":"2026-02-25T00:00:34","modified_gmt":"2026-02-25T00:00:34","slug":"rukohvati-fast-1classic-d22-1100mm-nehrdajuci-celik","status":"publish","type":"product","link":"https:\/\/stoic-curie.212-227-153-4.plesk.page\/hr\/product\/rukohvati-fast-1classic-d22-1100mm-nehrdajuci-celik\/","title":{"rendered":"Rukohvati Fast 1Classic D22 1100mm nehr\u0111aju\u0107i \u010delik"},"content":{"rendered":"<p>Rukohvati Fast 1Classic D22 1100mm nehr\u0111aju\u0107i \u010delik &#8211; <\/p>\n<p>Klasi\u010dni \u010deli\u010dni rukohvat od nehr\u0111aju\u0107eg \u010delika s izbu\u0161enim osnovama za jednostavno povr\u0161insko montiranje.<\/p>\n","protected":false},"excerpt":{"rendered":"<p>Rukohvati Fast 1Classic D22 1100mm nehr\u0111aju\u0107i \u010delik &#8211; Klasi\u010dni \u010deli\u010dni rukohvat od nehr\u0111aju\u0107eg \u010delika s izbu\u0161enim osnovama za jednostavno povr\u0161insko<\/p>\n","protected":false},"featured_media":5936495,"comment_status":"closed","ping_status":"closed","template":"","meta":[],"product_brand":[3121],"product_cat":[1707],"product_tag":[],"class_list":{"0":"post-3686895","1":"product","2":"type-product","3":"status-publish","4":"has-post-thumbnail","6":"product_brand-marinetech-hr","7":"product_cat-brodski-rukohvati","9":"first","10":"instock","11":"shipping-taxable","12":"purchasable","13":"product-type-simple"},"_links":{"self":[{"href":"https:\/\/stoic-curie.212-227-153-4.plesk.page\/hr\/wp-json\/wp\/v2\/product\/3686895","targetHints":{"allow":["GET"]}}],"collection":[{"href":"https:\/\/stoic-curie.212-227-153-4.plesk.page\/hr\/wp-json\/wp\/v2\/product"}],"about":[{"href":"https:\/\/stoic-curie.212-227-153-4.plesk.page\/hr\/wp-json\/wp\/v2\/types\/product"}],"replies":[{"embeddable":true,"href":"https:\/\/stoic-curie.212-227-153-4.plesk.page\/hr\/wp-json\/wp\/v2\/comments?post=3686895"}],"version-history":[{"count":0,"href":"https:\/\/stoic-curie.212-227-153-4.plesk.page\/hr\/wp-json\/wp\/v2\/product\/3686895\/revisions"}],"wp:featuredmedia":[{"embeddable":true,"href":"https:\/\/stoic-curie.212-227-153-4.plesk.page\/hr\/wp-json\/wp\/v2\/media\/5936495"}],"wp:attachment":[{"href":"https:\/\/stoic-curie.212-227-153-4.plesk.page\/hr\/wp-json\/wp\/v2\/media?parent=3686895"}],"wp:term":[{"taxonomy":"product_brand","embeddable":true,"href":"https:\/\/stoic-curie.212-227-153-4.plesk.page\/hr\/wp-json\/wp\/v2\/product_brand?post=3686895"},{"taxonomy":"product_cat","embeddable":true,"href":"https:\/\/stoic-curie.212-227-153-4.plesk.page\/hr\/wp-json\/wp\/v2\/product_cat?post=3686895"},{"taxonomy":"product_tag","embeddable":true,"href":"https:\/\/stoic-curie.212-227-153-4.plesk.page\/hr\/wp-json\/wp\/v2\/product_tag?post=3686895"}],"curies":[{"name":"wp","href":"https:\/\/api.w.org\/{rel}","templated":true}]}}