{"id":3686909,"date":"2025-10-13T13:27:43","date_gmt":"2025-10-13T17:27:43","guid":{"rendered":"https:\/\/stoic-curie.212-227-153-4.plesk.page\/product\/pasivni-aerator-od-nehrdajuceg-celika-st-d230\/"},"modified":"2026-02-25T00:00:34","modified_gmt":"2026-02-25T00:00:34","slug":"pasivni-aerator-od-nehrdajuceg-celika-st-d230","status":"publish","type":"product","link":"https:\/\/stoic-curie.212-227-153-4.plesk.page\/hr\/product\/pasivni-aerator-od-nehrdajuceg-celika-st-d230\/","title":{"rendered":"Pasivni aerator od nehr\u0111aju\u0107eg \u010delika ST D230"},"content":{"rendered":"<p>Pasivni aerator od nehr\u0111aju\u0107eg \u010delika ST D230 &#8211; <\/p>\n<p>Prozirni pasivni zra\u010dni ventil od nehr\u0111aju\u0107eg \u010delika s prozirnim poklopcem od polikarbonata.<\/p>\n","protected":false},"excerpt":{"rendered":"<p>Pasivni aerator od nehr\u0111aju\u0107eg \u010delika ST D230 &#8211; Prozirni pasivni zra\u010dni ventil od nehr\u0111aju\u0107eg \u010delika s prozirnim poklopcem od polikarbonata.<\/p>\n","protected":false},"featured_media":5936538,"comment_status":"closed","ping_status":"closed","template":"","meta":[],"product_brand":[3236],"product_cat":[1699],"product_tag":[],"class_list":{"0":"post-3686909","1":"product","2":"type-product","3":"status-publish","4":"has-post-thumbnail","6":"product_brand-osculati-hr","7":"product_cat-palubni-ventilacijski-otvori","9":"first","10":"instock","11":"shipping-taxable","12":"purchasable","13":"product-type-simple"},"_links":{"self":[{"href":"https:\/\/stoic-curie.212-227-153-4.plesk.page\/hr\/wp-json\/wp\/v2\/product\/3686909","targetHints":{"allow":["GET"]}}],"collection":[{"href":"https:\/\/stoic-curie.212-227-153-4.plesk.page\/hr\/wp-json\/wp\/v2\/product"}],"about":[{"href":"https:\/\/stoic-curie.212-227-153-4.plesk.page\/hr\/wp-json\/wp\/v2\/types\/product"}],"replies":[{"embeddable":true,"href":"https:\/\/stoic-curie.212-227-153-4.plesk.page\/hr\/wp-json\/wp\/v2\/comments?post=3686909"}],"version-history":[{"count":0,"href":"https:\/\/stoic-curie.212-227-153-4.plesk.page\/hr\/wp-json\/wp\/v2\/product\/3686909\/revisions"}],"wp:featuredmedia":[{"embeddable":true,"href":"https:\/\/stoic-curie.212-227-153-4.plesk.page\/hr\/wp-json\/wp\/v2\/media\/5936538"}],"wp:attachment":[{"href":"https:\/\/stoic-curie.212-227-153-4.plesk.page\/hr\/wp-json\/wp\/v2\/media?parent=3686909"}],"wp:term":[{"taxonomy":"product_brand","embeddable":true,"href":"https:\/\/stoic-curie.212-227-153-4.plesk.page\/hr\/wp-json\/wp\/v2\/product_brand?post=3686909"},{"taxonomy":"product_cat","embeddable":true,"href":"https:\/\/stoic-curie.212-227-153-4.plesk.page\/hr\/wp-json\/wp\/v2\/product_cat?post=3686909"},{"taxonomy":"product_tag","embeddable":true,"href":"https:\/\/stoic-curie.212-227-153-4.plesk.page\/hr\/wp-json\/wp\/v2\/product_tag?post=3686909"}],"curies":[{"name":"wp","href":"https:\/\/api.w.org\/{rel}","templated":true}]}}