{"id":3686913,"date":"2025-10-13T13:27:44","date_gmt":"2025-10-13T17:27:44","guid":{"rendered":"https:\/\/stoic-curie.212-227-153-4.plesk.page\/product\/trokutasta-upora-za-mostic-45-cm\/"},"modified":"2026-02-25T00:00:34","modified_gmt":"2026-02-25T00:00:34","slug":"trokutasta-upora-za-mostic-45-cm","status":"publish","type":"product","link":"https:\/\/stoic-curie.212-227-153-4.plesk.page\/hr\/product\/trokutasta-upora-za-mostic-45-cm\/","title":{"rendered":"Trokutasta upora za mosti\u0107 45 cm"},"content":{"rendered":"<p>Trokutasta upora za mosti\u0107 45 cm &#8211; <\/p>\n<p>Konstrukcija od nehr\u0111aju\u0107eg \u010delika s potporom u obliku trokuta. 3 kuke omogu\u0107uju brzo pri\u010dvr\u0161\u0107ivanje na gangway i na stra\u017enji steger.<\/p>\n","protected":false},"excerpt":{"rendered":"<p>Trokutasta upora za mosti\u0107 45 cm &#8211; Konstrukcija od nehr\u0111aju\u0107eg \u010delika s potporom u obliku trokuta. 3 kuke omogu\u0107uju brzo<\/p>\n","protected":false},"featured_media":5936555,"comment_status":"closed","ping_status":"closed","template":"","meta":[],"product_brand":[3491],"product_cat":[1612],"product_tag":[],"class_list":{"0":"post-3686913","1":"product","2":"type-product","3":"status-publish","4":"has-post-thumbnail","6":"product_brand-trem-hr","7":"product_cat-gangways-za-brodove","9":"first","10":"instock","11":"shipping-taxable","12":"purchasable","13":"product-type-simple"},"_links":{"self":[{"href":"https:\/\/stoic-curie.212-227-153-4.plesk.page\/hr\/wp-json\/wp\/v2\/product\/3686913","targetHints":{"allow":["GET"]}}],"collection":[{"href":"https:\/\/stoic-curie.212-227-153-4.plesk.page\/hr\/wp-json\/wp\/v2\/product"}],"about":[{"href":"https:\/\/stoic-curie.212-227-153-4.plesk.page\/hr\/wp-json\/wp\/v2\/types\/product"}],"replies":[{"embeddable":true,"href":"https:\/\/stoic-curie.212-227-153-4.plesk.page\/hr\/wp-json\/wp\/v2\/comments?post=3686913"}],"version-history":[{"count":0,"href":"https:\/\/stoic-curie.212-227-153-4.plesk.page\/hr\/wp-json\/wp\/v2\/product\/3686913\/revisions"}],"wp:featuredmedia":[{"embeddable":true,"href":"https:\/\/stoic-curie.212-227-153-4.plesk.page\/hr\/wp-json\/wp\/v2\/media\/5936555"}],"wp:attachment":[{"href":"https:\/\/stoic-curie.212-227-153-4.plesk.page\/hr\/wp-json\/wp\/v2\/media?parent=3686913"}],"wp:term":[{"taxonomy":"product_brand","embeddable":true,"href":"https:\/\/stoic-curie.212-227-153-4.plesk.page\/hr\/wp-json\/wp\/v2\/product_brand?post=3686913"},{"taxonomy":"product_cat","embeddable":true,"href":"https:\/\/stoic-curie.212-227-153-4.plesk.page\/hr\/wp-json\/wp\/v2\/product_cat?post=3686913"},{"taxonomy":"product_tag","embeddable":true,"href":"https:\/\/stoic-curie.212-227-153-4.plesk.page\/hr\/wp-json\/wp\/v2\/product_tag?post=3686913"}],"curies":[{"name":"wp","href":"https:\/\/api.w.org\/{rel}","templated":true}]}}