{"id":3686916,"date":"2025-10-13T13:27:44","date_gmt":"2025-10-13T17:27:44","guid":{"rendered":"https:\/\/stoic-curie.212-227-153-4.plesk.page\/product\/southco-soft-hatch-zasun-105mm-crna\/"},"modified":"2026-02-25T00:00:34","modified_gmt":"2026-02-25T00:00:34","slug":"southco-soft-hatch-zasun-105mm-crna","status":"publish","type":"product","link":"https:\/\/stoic-curie.212-227-153-4.plesk.page\/hr\/product\/southco-soft-hatch-zasun-105mm-crna\/","title":{"rendered":"Southco Soft Hatch zasun 105mm crna"},"content":{"rendered":"<p>Southco Soft Hatch zasun 105mm crna  &#8211; <\/p>\n<p>Protivibracijska brava od termoplasti\u010dnog elastomera za poklopce i \u0161krinje. Brava, potpornjaci i dr\u017ea\u010d od nehr\u0111aju\u0107eg \u010delika.<\/p>\n","protected":false},"excerpt":{"rendered":"<p>Southco Soft Hatch zasun 105mm crna &#8211; Protivibracijska brava od termoplasti\u010dnog elastomera za poklopce i \u0161krinje. Brava, potpornjaci i dr\u017ea\u010d<\/p>\n","protected":false},"featured_media":5936567,"comment_status":"closed","ping_status":"closed","template":"","meta":[],"product_brand":[3416],"product_cat":[1687],"product_tag":[],"class_list":{"0":"post-3686916","1":"product","2":"type-product","3":"status-publish","4":"has-post-thumbnail","6":"product_brand-southco-mobella-hr","7":"product_cat-brodski-zasuni","9":"first","10":"instock","11":"shipping-taxable","12":"purchasable","13":"product-type-simple"},"_links":{"self":[{"href":"https:\/\/stoic-curie.212-227-153-4.plesk.page\/hr\/wp-json\/wp\/v2\/product\/3686916","targetHints":{"allow":["GET"]}}],"collection":[{"href":"https:\/\/stoic-curie.212-227-153-4.plesk.page\/hr\/wp-json\/wp\/v2\/product"}],"about":[{"href":"https:\/\/stoic-curie.212-227-153-4.plesk.page\/hr\/wp-json\/wp\/v2\/types\/product"}],"replies":[{"embeddable":true,"href":"https:\/\/stoic-curie.212-227-153-4.plesk.page\/hr\/wp-json\/wp\/v2\/comments?post=3686916"}],"version-history":[{"count":0,"href":"https:\/\/stoic-curie.212-227-153-4.plesk.page\/hr\/wp-json\/wp\/v2\/product\/3686916\/revisions"}],"wp:featuredmedia":[{"embeddable":true,"href":"https:\/\/stoic-curie.212-227-153-4.plesk.page\/hr\/wp-json\/wp\/v2\/media\/5936567"}],"wp:attachment":[{"href":"https:\/\/stoic-curie.212-227-153-4.plesk.page\/hr\/wp-json\/wp\/v2\/media?parent=3686916"}],"wp:term":[{"taxonomy":"product_brand","embeddable":true,"href":"https:\/\/stoic-curie.212-227-153-4.plesk.page\/hr\/wp-json\/wp\/v2\/product_brand?post=3686916"},{"taxonomy":"product_cat","embeddable":true,"href":"https:\/\/stoic-curie.212-227-153-4.plesk.page\/hr\/wp-json\/wp\/v2\/product_cat?post=3686916"},{"taxonomy":"product_tag","embeddable":true,"href":"https:\/\/stoic-curie.212-227-153-4.plesk.page\/hr\/wp-json\/wp\/v2\/product_tag?post=3686916"}],"curies":[{"name":"wp","href":"https:\/\/api.w.org\/{rel}","templated":true}]}}