{"id":3686918,"date":"2025-10-13T13:27:45","date_gmt":"2025-10-13T17:27:45","guid":{"rendered":"https:\/\/stoic-curie.212-227-153-4.plesk.page\/product\/kutija-za-usis-vode-od-98-mm\/"},"modified":"2026-02-25T00:00:34","modified_gmt":"2026-02-25T00:00:34","slug":"kutija-za-usis-vode-od-98-mm","status":"publish","type":"product","link":"https:\/\/stoic-curie.212-227-153-4.plesk.page\/hr\/product\/kutija-za-usis-vode-od-98-mm\/","title":{"rendered":"Kutija za usis vode od 98 mm"},"content":{"rendered":"<p>Kutija za usis vode od 98 mm &#8211; <\/p>\n<p>Ugra\u0111ena brza spojka ulaz\/izlaz vodene kutije, od udarnog bijelog ili kromiranog plastike. Ulaz vode: opremljen smanjiva\u010dem tlaka od 3 bara s navojem od 3\/4&#8243; kako bi se izbjegla o\u0161te\u0107enja cijevi prilikom povezivanja vodenog sustava \u010damca s vodenim sustavom pristana. Izlaz vode: s brzom spojkom tipa vrt za pranje palube i 3\/4&#8243; kutnim priklju\u010dkom za povezivanje s vodenim sustavom \u010damca.<\/p>\n","protected":false},"excerpt":{"rendered":"<p>Kutija za usis vode od 98 mm &#8211; Ugra\u0111ena brza spojka ulaz\/izlaz vodene kutije, od udarnog bijelog ili kromiranog plastike.<\/p>\n","protected":false},"featured_media":5936571,"comment_status":"closed","ping_status":"closed","template":"","meta":[],"product_brand":[2856],"product_cat":[1668,1648],"product_tag":[],"class_list":{"0":"post-3686918","1":"product","2":"type-product","3":"status-publish","4":"has-post-thumbnail","6":"product_brand-can-marine-hr","7":"product_cat-palubni-otvori-za-punjenje-vode","8":"product_cat-pumpe-za-pranje-brodova","10":"first","11":"instock","12":"shipping-taxable","13":"purchasable","14":"product-type-simple"},"_links":{"self":[{"href":"https:\/\/stoic-curie.212-227-153-4.plesk.page\/hr\/wp-json\/wp\/v2\/product\/3686918","targetHints":{"allow":["GET"]}}],"collection":[{"href":"https:\/\/stoic-curie.212-227-153-4.plesk.page\/hr\/wp-json\/wp\/v2\/product"}],"about":[{"href":"https:\/\/stoic-curie.212-227-153-4.plesk.page\/hr\/wp-json\/wp\/v2\/types\/product"}],"replies":[{"embeddable":true,"href":"https:\/\/stoic-curie.212-227-153-4.plesk.page\/hr\/wp-json\/wp\/v2\/comments?post=3686918"}],"version-history":[{"count":0,"href":"https:\/\/stoic-curie.212-227-153-4.plesk.page\/hr\/wp-json\/wp\/v2\/product\/3686918\/revisions"}],"wp:featuredmedia":[{"embeddable":true,"href":"https:\/\/stoic-curie.212-227-153-4.plesk.page\/hr\/wp-json\/wp\/v2\/media\/5936571"}],"wp:attachment":[{"href":"https:\/\/stoic-curie.212-227-153-4.plesk.page\/hr\/wp-json\/wp\/v2\/media?parent=3686918"}],"wp:term":[{"taxonomy":"product_brand","embeddable":true,"href":"https:\/\/stoic-curie.212-227-153-4.plesk.page\/hr\/wp-json\/wp\/v2\/product_brand?post=3686918"},{"taxonomy":"product_cat","embeddable":true,"href":"https:\/\/stoic-curie.212-227-153-4.plesk.page\/hr\/wp-json\/wp\/v2\/product_cat?post=3686918"},{"taxonomy":"product_tag","embeddable":true,"href":"https:\/\/stoic-curie.212-227-153-4.plesk.page\/hr\/wp-json\/wp\/v2\/product_tag?post=3686918"}],"curies":[{"name":"wp","href":"https:\/\/api.w.org\/{rel}","templated":true}]}}