{"id":3686925,"date":"2025-10-13T13:27:47","date_gmt":"2025-10-13T17:27:47","guid":{"rendered":"https:\/\/stoic-curie.212-227-153-4.plesk.page\/product\/zarulja-bay15d-12-24v-bijela-led-ip66\/"},"modified":"2026-02-25T00:00:34","modified_gmt":"2026-02-25T00:00:34","slug":"zarulja-bay15d-12-24v-bijela-led-ip66","status":"publish","type":"product","link":"https:\/\/stoic-curie.212-227-153-4.plesk.page\/hr\/product\/zarulja-bay15d-12-24v-bijela-led-ip66\/","title":{"rendered":"\u017darulja BAY15D 12 \/ 24V bijela LED (IP66)"},"content":{"rendered":"<p>\u017darulja BAY15D 12 \/ 24V bijela LED (IP66) &#8211; <\/p>\n<p>DHR navigacijska svjetla za brodove do 50 metara. Vodootporna, nemagnetna, s punim polikarbonatnim ku\u0107i\u0161tem i \u0161ok otpornim Fresnel le\u0107ama. Treba ga dopuniti BAY15D \u017earuljom. Certificiran od strane Bureau Veritas MED 2014\/90\/EU i u skladu s COLREG\/IMO\/EN\/IEC standardima.<\/p>\n","protected":false},"excerpt":{"rendered":"<p>\u017darulja BAY15D 12 \/ 24V bijela LED (IP66) &#8211; DHR navigacijska svjetla za brodove do 50 metara. Vodootporna, nemagnetna, s<\/p>\n","protected":false},"featured_media":5936589,"comment_status":"closed","ping_status":"closed","template":"","meta":[],"product_brand":[3221],"product_cat":[1736],"product_tag":[],"class_list":{"0":"post-3686925","1":"product","2":"type-product","3":"status-publish","4":"has-post-thumbnail","6":"product_brand-oceanled-hr","7":"product_cat-led-navigacijska-svjetla","9":"first","10":"instock","11":"shipping-taxable","12":"purchasable","13":"product-type-simple"},"_links":{"self":[{"href":"https:\/\/stoic-curie.212-227-153-4.plesk.page\/hr\/wp-json\/wp\/v2\/product\/3686925","targetHints":{"allow":["GET"]}}],"collection":[{"href":"https:\/\/stoic-curie.212-227-153-4.plesk.page\/hr\/wp-json\/wp\/v2\/product"}],"about":[{"href":"https:\/\/stoic-curie.212-227-153-4.plesk.page\/hr\/wp-json\/wp\/v2\/types\/product"}],"replies":[{"embeddable":true,"href":"https:\/\/stoic-curie.212-227-153-4.plesk.page\/hr\/wp-json\/wp\/v2\/comments?post=3686925"}],"version-history":[{"count":0,"href":"https:\/\/stoic-curie.212-227-153-4.plesk.page\/hr\/wp-json\/wp\/v2\/product\/3686925\/revisions"}],"wp:featuredmedia":[{"embeddable":true,"href":"https:\/\/stoic-curie.212-227-153-4.plesk.page\/hr\/wp-json\/wp\/v2\/media\/5936589"}],"wp:attachment":[{"href":"https:\/\/stoic-curie.212-227-153-4.plesk.page\/hr\/wp-json\/wp\/v2\/media?parent=3686925"}],"wp:term":[{"taxonomy":"product_brand","embeddable":true,"href":"https:\/\/stoic-curie.212-227-153-4.plesk.page\/hr\/wp-json\/wp\/v2\/product_brand?post=3686925"},{"taxonomy":"product_cat","embeddable":true,"href":"https:\/\/stoic-curie.212-227-153-4.plesk.page\/hr\/wp-json\/wp\/v2\/product_cat?post=3686925"},{"taxonomy":"product_tag","embeddable":true,"href":"https:\/\/stoic-curie.212-227-153-4.plesk.page\/hr\/wp-json\/wp\/v2\/product_tag?post=3686925"}],"curies":[{"name":"wp","href":"https:\/\/api.w.org\/{rel}","templated":true}]}}