{"id":3686933,"date":"2025-10-13T13:27:49","date_gmt":"2025-10-13T17:27:49","guid":{"rendered":"https:\/\/stoic-curie.212-227-153-4.plesk.page\/product\/amortizer-za-privezni-konop-model-unimer-wave-12-16mm\/"},"modified":"2026-02-25T00:00:34","modified_gmt":"2026-02-25T00:00:34","slug":"amortizer-za-privezni-konop-model-unimer-wave-12-16mm","status":"publish","type":"product","link":"https:\/\/stoic-curie.212-227-153-4.plesk.page\/hr\/product\/amortizer-za-privezni-konop-model-unimer-wave-12-16mm\/","title":{"rendered":"Amortizer za privezni konop model Unimer Wave 12\/16mm"},"content":{"rendered":"<p>Amortizer za privezni konop model Unimer Wave 12\/16mm &#8211; <\/p>\n<p>\u0160vedski oblikovani snubber za vezivanje od EPDM gume s 6 rupa za u\u017ead. 6 rupa za konop i prolazi na svakom kraju omogu\u0107uju najlak\u0161e ovjes, sigurno i ubla\u017eeno vezivanje, sprje\u010davaju\u0107i o\u0161te\u0107enja u\u017eadi i stega, dok produ\u017euju vijek trajanja va\u0161eg \u010damca. Dostupno u 3 veli\u010dine, prilago\u0111ava se konopcima promjera izme\u0111u 10 i 18 mm.<\/p>\n","protected":false},"excerpt":{"rendered":"<p>Amortizer za privezni konop model Unimer Wave 12\/16mm &#8211; \u0160vedski oblikovani snubber za vezivanje od EPDM gume s 6 rupa<\/p>\n","protected":false},"featured_media":5936596,"comment_status":"closed","ping_status":"closed","template":"","meta":[],"product_brand":[3506],"product_cat":[1624],"product_tag":[],"class_list":{"0":"post-3686933","1":"product","2":"type-product","3":"status-publish","4":"has-post-thumbnail","6":"product_brand-unimer-hr","7":"product_cat-amortizeri-za-konope-za-vez","9":"first","10":"instock","11":"shipping-taxable","12":"purchasable","13":"product-type-simple"},"_links":{"self":[{"href":"https:\/\/stoic-curie.212-227-153-4.plesk.page\/hr\/wp-json\/wp\/v2\/product\/3686933","targetHints":{"allow":["GET"]}}],"collection":[{"href":"https:\/\/stoic-curie.212-227-153-4.plesk.page\/hr\/wp-json\/wp\/v2\/product"}],"about":[{"href":"https:\/\/stoic-curie.212-227-153-4.plesk.page\/hr\/wp-json\/wp\/v2\/types\/product"}],"replies":[{"embeddable":true,"href":"https:\/\/stoic-curie.212-227-153-4.plesk.page\/hr\/wp-json\/wp\/v2\/comments?post=3686933"}],"version-history":[{"count":0,"href":"https:\/\/stoic-curie.212-227-153-4.plesk.page\/hr\/wp-json\/wp\/v2\/product\/3686933\/revisions"}],"wp:featuredmedia":[{"embeddable":true,"href":"https:\/\/stoic-curie.212-227-153-4.plesk.page\/hr\/wp-json\/wp\/v2\/media\/5936596"}],"wp:attachment":[{"href":"https:\/\/stoic-curie.212-227-153-4.plesk.page\/hr\/wp-json\/wp\/v2\/media?parent=3686933"}],"wp:term":[{"taxonomy":"product_brand","embeddable":true,"href":"https:\/\/stoic-curie.212-227-153-4.plesk.page\/hr\/wp-json\/wp\/v2\/product_brand?post=3686933"},{"taxonomy":"product_cat","embeddable":true,"href":"https:\/\/stoic-curie.212-227-153-4.plesk.page\/hr\/wp-json\/wp\/v2\/product_cat?post=3686933"},{"taxonomy":"product_tag","embeddable":true,"href":"https:\/\/stoic-curie.212-227-153-4.plesk.page\/hr\/wp-json\/wp\/v2\/product_tag?post=3686933"}],"curies":[{"name":"wp","href":"https:\/\/api.w.org\/{rel}","templated":true}]}}