{"id":3686938,"date":"2025-10-13T13:27:50","date_gmt":"2025-10-13T17:27:50","guid":{"rendered":"https:\/\/stoic-curie.212-227-153-4.plesk.page\/product\/podnozje-zastavnog-koplja-od-nehrdajuceg-celika-s-okretnim-zglobom-d25-mm\/"},"modified":"2026-02-25T00:00:34","modified_gmt":"2026-02-25T00:00:34","slug":"podnozje-zastavnog-koplja-od-nehrdajuceg-celika-s-okretnim-zglobom-d25-mm","status":"publish","type":"product","link":"https:\/\/stoic-curie.212-227-153-4.plesk.page\/hr\/product\/podnozje-zastavnog-koplja-od-nehrdajuceg-celika-s-okretnim-zglobom-d25-mm\/","title":{"rendered":"Podno\u017eje zastavnog koplja od nehr\u0111aju\u0107eg \u010delika s okretnim zglobom D25 mm"},"content":{"rendered":"<p>Podno\u017eje zastavnog koplja od nehr\u0111aju\u0107eg \u010delika s okretnim zglobom D25 mm &#8211; <\/p>\n<p>Tijelo od nehr\u0111aju\u0107eg \u010delika s rotiraju\u0107im steznim spojem za cijevi promjera 22-25 mm.<\/p>\n","protected":false},"excerpt":{"rendered":"<p>Podno\u017eje zastavnog koplja od nehr\u0111aju\u0107eg \u010delika s okretnim zglobom D25 mm &#8211; Tijelo od nehr\u0111aju\u0107eg \u010delika s rotiraju\u0107im steznim spojem<\/p>\n","protected":false},"featured_media":5936623,"comment_status":"closed","ping_status":"closed","template":"","meta":[],"product_brand":[3491],"product_cat":[1681],"product_tag":[],"class_list":{"0":"post-3686938","1":"product","2":"type-product","3":"status-publish","4":"has-post-thumbnail","6":"product_brand-trem-hr","7":"product_cat-zastavna-koplja","9":"first","10":"instock","11":"shipping-taxable","12":"purchasable","13":"product-type-simple"},"_links":{"self":[{"href":"https:\/\/stoic-curie.212-227-153-4.plesk.page\/hr\/wp-json\/wp\/v2\/product\/3686938","targetHints":{"allow":["GET"]}}],"collection":[{"href":"https:\/\/stoic-curie.212-227-153-4.plesk.page\/hr\/wp-json\/wp\/v2\/product"}],"about":[{"href":"https:\/\/stoic-curie.212-227-153-4.plesk.page\/hr\/wp-json\/wp\/v2\/types\/product"}],"replies":[{"embeddable":true,"href":"https:\/\/stoic-curie.212-227-153-4.plesk.page\/hr\/wp-json\/wp\/v2\/comments?post=3686938"}],"version-history":[{"count":0,"href":"https:\/\/stoic-curie.212-227-153-4.plesk.page\/hr\/wp-json\/wp\/v2\/product\/3686938\/revisions"}],"wp:featuredmedia":[{"embeddable":true,"href":"https:\/\/stoic-curie.212-227-153-4.plesk.page\/hr\/wp-json\/wp\/v2\/media\/5936623"}],"wp:attachment":[{"href":"https:\/\/stoic-curie.212-227-153-4.plesk.page\/hr\/wp-json\/wp\/v2\/media?parent=3686938"}],"wp:term":[{"taxonomy":"product_brand","embeddable":true,"href":"https:\/\/stoic-curie.212-227-153-4.plesk.page\/hr\/wp-json\/wp\/v2\/product_brand?post=3686938"},{"taxonomy":"product_cat","embeddable":true,"href":"https:\/\/stoic-curie.212-227-153-4.plesk.page\/hr\/wp-json\/wp\/v2\/product_cat?post=3686938"},{"taxonomy":"product_tag","embeddable":true,"href":"https:\/\/stoic-curie.212-227-153-4.plesk.page\/hr\/wp-json\/wp\/v2\/product_tag?post=3686938"}],"curies":[{"name":"wp","href":"https:\/\/api.w.org\/{rel}","templated":true}]}}