{"id":3686942,"date":"2025-10-13T13:27:52","date_gmt":"2025-10-13T17:27:52","guid":{"rendered":"https:\/\/stoic-curie.212-227-153-4.plesk.page\/product\/gumeni-prijenosni-reflektor-od-12v-do-180-mm\/"},"modified":"2026-02-25T00:00:34","modified_gmt":"2026-02-25T00:00:34","slug":"gumeni-prijenosni-reflektor-od-12v-do-180-mm","status":"publish","type":"product","link":"https:\/\/stoic-curie.212-227-153-4.plesk.page\/hr\/product\/gumeni-prijenosni-reflektor-od-12v-do-180-mm\/","title":{"rendered":"Gumeni prijenosni reflektor od 12V do 180 mm"},"content":{"rendered":"<p>Gumeni prijenosni reflektor od 12V do 180 mm &#8211; <\/p>\n<p>Halogena svetiljka otporna na udarce i vodu, prekrivena gumom. Prilo\u017eeni produ\u017eni kabel s 12V priklju\u010dkom. Domet 350 m.<\/p>\n","protected":false},"excerpt":{"rendered":"<p>Gumeni prijenosni reflektor od 12V do 180 mm &#8211; Halogena svetiljka otporna na udarce i vodu, prekrivena gumom. Prilo\u017eeni produ\u017eni<\/p>\n","protected":false},"featured_media":5936632,"comment_status":"closed","ping_status":"closed","template":"","meta":[],"product_brand":[3236],"product_cat":[1734,1738],"product_tag":[],"class_list":{"0":"post-3686942","1":"product","2":"type-product","3":"status-publish","4":"has-post-thumbnail","6":"product_brand-osculati-hr","7":"product_cat-brodski-reflektori","8":"product_cat-prijenosne-baklje","10":"first","11":"instock","12":"shipping-taxable","13":"purchasable","14":"product-type-simple"},"_links":{"self":[{"href":"https:\/\/stoic-curie.212-227-153-4.plesk.page\/hr\/wp-json\/wp\/v2\/product\/3686942","targetHints":{"allow":["GET"]}}],"collection":[{"href":"https:\/\/stoic-curie.212-227-153-4.plesk.page\/hr\/wp-json\/wp\/v2\/product"}],"about":[{"href":"https:\/\/stoic-curie.212-227-153-4.plesk.page\/hr\/wp-json\/wp\/v2\/types\/product"}],"replies":[{"embeddable":true,"href":"https:\/\/stoic-curie.212-227-153-4.plesk.page\/hr\/wp-json\/wp\/v2\/comments?post=3686942"}],"version-history":[{"count":0,"href":"https:\/\/stoic-curie.212-227-153-4.plesk.page\/hr\/wp-json\/wp\/v2\/product\/3686942\/revisions"}],"wp:featuredmedia":[{"embeddable":true,"href":"https:\/\/stoic-curie.212-227-153-4.plesk.page\/hr\/wp-json\/wp\/v2\/media\/5936632"}],"wp:attachment":[{"href":"https:\/\/stoic-curie.212-227-153-4.plesk.page\/hr\/wp-json\/wp\/v2\/media?parent=3686942"}],"wp:term":[{"taxonomy":"product_brand","embeddable":true,"href":"https:\/\/stoic-curie.212-227-153-4.plesk.page\/hr\/wp-json\/wp\/v2\/product_brand?post=3686942"},{"taxonomy":"product_cat","embeddable":true,"href":"https:\/\/stoic-curie.212-227-153-4.plesk.page\/hr\/wp-json\/wp\/v2\/product_cat?post=3686942"},{"taxonomy":"product_tag","embeddable":true,"href":"https:\/\/stoic-curie.212-227-153-4.plesk.page\/hr\/wp-json\/wp\/v2\/product_tag?post=3686942"}],"curies":[{"name":"wp","href":"https:\/\/api.w.org\/{rel}","templated":true}]}}