{"id":3686954,"date":"2025-10-13T13:27:56","date_gmt":"2025-10-13T17:27:56","guid":{"rendered":"https:\/\/stoic-curie.212-227-153-4.plesk.page\/product\/maxi-boom-upijac-ulja-za-kaljuzu-10-x-50-cm-star-brite\/"},"modified":"2026-02-25T00:00:34","modified_gmt":"2026-02-25T00:00:34","slug":"maxi-boom-upijac-ulja-za-kaljuzu-10-x-50-cm-star-brite","status":"publish","type":"product","link":"https:\/\/stoic-curie.212-227-153-4.plesk.page\/hr\/product\/maxi-boom-upijac-ulja-za-kaljuzu-10-x-50-cm-star-brite\/","title":{"rendered":"Maxi boom upija\u010d ulja za kalju\u017eu 10 x 50 cm Star Brite"},"content":{"rendered":"<p>Maxi boom upija\u010d ulja za kalju\u017eu 10 x 50 cm Star Brite &#8211; <\/p>\n<p>Specijalni materijal za upijanje balastne vode koji upija samo ulje i ugljikovodike, ali ne i vodu. Kapacitet upijanja do 2 litre.<\/p>\n","protected":false},"excerpt":{"rendered":"<p>Maxi boom upija\u010d ulja za kalju\u017eu 10 x 50 cm Star Brite &#8211; Specijalni materijal za upijanje balastne vode koji<\/p>\n","protected":false},"featured_media":5936696,"comment_status":"closed","ping_status":"closed","template":"","meta":[],"product_brand":[3436],"product_cat":[1630,1631],"product_tag":[],"class_list":{"0":"post-3686954","1":"product","2":"type-product","3":"status-publish","4":"has-post-thumbnail","6":"product_brand-starbrite-hr","7":"product_cat-absorbenti-za-ulje-i-gorivo","8":"product_cat-alati-za-ciscenje","10":"first","11":"instock","12":"shipping-taxable","13":"purchasable","14":"product-type-simple"},"_links":{"self":[{"href":"https:\/\/stoic-curie.212-227-153-4.plesk.page\/hr\/wp-json\/wp\/v2\/product\/3686954","targetHints":{"allow":["GET"]}}],"collection":[{"href":"https:\/\/stoic-curie.212-227-153-4.plesk.page\/hr\/wp-json\/wp\/v2\/product"}],"about":[{"href":"https:\/\/stoic-curie.212-227-153-4.plesk.page\/hr\/wp-json\/wp\/v2\/types\/product"}],"replies":[{"embeddable":true,"href":"https:\/\/stoic-curie.212-227-153-4.plesk.page\/hr\/wp-json\/wp\/v2\/comments?post=3686954"}],"version-history":[{"count":0,"href":"https:\/\/stoic-curie.212-227-153-4.plesk.page\/hr\/wp-json\/wp\/v2\/product\/3686954\/revisions"}],"wp:featuredmedia":[{"embeddable":true,"href":"https:\/\/stoic-curie.212-227-153-4.plesk.page\/hr\/wp-json\/wp\/v2\/media\/5936696"}],"wp:attachment":[{"href":"https:\/\/stoic-curie.212-227-153-4.plesk.page\/hr\/wp-json\/wp\/v2\/media?parent=3686954"}],"wp:term":[{"taxonomy":"product_brand","embeddable":true,"href":"https:\/\/stoic-curie.212-227-153-4.plesk.page\/hr\/wp-json\/wp\/v2\/product_brand?post=3686954"},{"taxonomy":"product_cat","embeddable":true,"href":"https:\/\/stoic-curie.212-227-153-4.plesk.page\/hr\/wp-json\/wp\/v2\/product_cat?post=3686954"},{"taxonomy":"product_tag","embeddable":true,"href":"https:\/\/stoic-curie.212-227-153-4.plesk.page\/hr\/wp-json\/wp\/v2\/product_tag?post=3686954"}],"curies":[{"name":"wp","href":"https:\/\/api.w.org\/{rel}","templated":true}]}}