{"id":3686958,"date":"2025-10-13T13:27:56","date_gmt":"2025-10-13T17:27:56","guid":{"rendered":"https:\/\/stoic-curie.212-227-153-4.plesk.page\/product\/d-prsten-s-preckom-6x50mm-nehrdajuceg-celika\/"},"modified":"2026-02-25T00:00:34","modified_gmt":"2026-02-25T00:00:34","slug":"d-prsten-s-preckom-6x50mm-nehrdajuceg-celika","status":"publish","type":"product","link":"https:\/\/stoic-curie.212-227-153-4.plesk.page\/hr\/product\/d-prsten-s-preckom-6x50mm-nehrdajuceg-celika\/","title":{"rendered":"D prsten s preckom 6x50mm nehr\u0111aju\u0107eg \u010delika"},"content":{"rendered":"<p>D prsten s preckom 6x50mm nehr\u0111aju\u0107eg \u010delika &#8211; <\/p>\n<p>Dee prsten od nehr\u0111aju\u0107eg \u010delika s \u0161ipkom.<\/p>\n","protected":false},"excerpt":{"rendered":"<p>D prsten s preckom 6x50mm nehr\u0111aju\u0107eg \u010delika &#8211; Dee prsten od nehr\u0111aju\u0107eg \u010delika s \u0161ipkom.<\/p>\n","protected":false},"featured_media":5936705,"comment_status":"closed","ping_status":"closed","template":"","meta":[],"product_brand":[3121],"product_cat":[1682,1765,1838],"product_tag":[],"class_list":{"0":"post-3686958","1":"product","2":"type-product","3":"status-publish","4":"has-post-thumbnail","6":"product_brand-marinetech-hr","7":"product_cat-palubna-oprema","8":"product_cat-pribor-i-oprema-za-brodice-i-jedrilice","9":"product_cat-trake-i-remeni-za-pritezanje","11":"first","12":"instock","13":"shipping-taxable","14":"purchasable","15":"product-type-simple"},"_links":{"self":[{"href":"https:\/\/stoic-curie.212-227-153-4.plesk.page\/hr\/wp-json\/wp\/v2\/product\/3686958","targetHints":{"allow":["GET"]}}],"collection":[{"href":"https:\/\/stoic-curie.212-227-153-4.plesk.page\/hr\/wp-json\/wp\/v2\/product"}],"about":[{"href":"https:\/\/stoic-curie.212-227-153-4.plesk.page\/hr\/wp-json\/wp\/v2\/types\/product"}],"replies":[{"embeddable":true,"href":"https:\/\/stoic-curie.212-227-153-4.plesk.page\/hr\/wp-json\/wp\/v2\/comments?post=3686958"}],"version-history":[{"count":0,"href":"https:\/\/stoic-curie.212-227-153-4.plesk.page\/hr\/wp-json\/wp\/v2\/product\/3686958\/revisions"}],"wp:featuredmedia":[{"embeddable":true,"href":"https:\/\/stoic-curie.212-227-153-4.plesk.page\/hr\/wp-json\/wp\/v2\/media\/5936705"}],"wp:attachment":[{"href":"https:\/\/stoic-curie.212-227-153-4.plesk.page\/hr\/wp-json\/wp\/v2\/media?parent=3686958"}],"wp:term":[{"taxonomy":"product_brand","embeddable":true,"href":"https:\/\/stoic-curie.212-227-153-4.plesk.page\/hr\/wp-json\/wp\/v2\/product_brand?post=3686958"},{"taxonomy":"product_cat","embeddable":true,"href":"https:\/\/stoic-curie.212-227-153-4.plesk.page\/hr\/wp-json\/wp\/v2\/product_cat?post=3686958"},{"taxonomy":"product_tag","embeddable":true,"href":"https:\/\/stoic-curie.212-227-153-4.plesk.page\/hr\/wp-json\/wp\/v2\/product_tag?post=3686958"}],"curies":[{"name":"wp","href":"https:\/\/api.w.org\/{rel}","templated":true}]}}