{"id":3686962,"date":"2025-10-13T13:27:57","date_gmt":"2025-10-13T17:27:57","guid":{"rendered":"https:\/\/stoic-curie.212-227-153-4.plesk.page\/product\/protivpovratni-ventil-johnson-25-38\/"},"modified":"2026-02-25T00:00:34","modified_gmt":"2026-02-25T00:00:34","slug":"protivpovratni-ventil-johnson-25-38","status":"publish","type":"product","link":"https:\/\/stoic-curie.212-227-153-4.plesk.page\/hr\/product\/protivpovratni-ventil-johnson-25-38\/","title":{"rendered":"Protivpovratni ventil JOHNSON 25\/38"},"content":{"rendered":"<p>Protivpovratni ventil JOHNSON 25\/38 &#8211; <\/p>\n<p>Johnson plasti\u010dni ne povratni ventil. Odr\u017eava primanje u usisnim cijevima. Monta\u017ea u liniji, odr\u017eavanje i \u010di\u0161\u0107enje bez alata.<\/p>\n","protected":false},"excerpt":{"rendered":"<p>Protivpovratni ventil JOHNSON 25\/38 &#8211; Johnson plasti\u010dni ne povratni ventil. Odr\u017eava primanje u usisnim cijevima. Monta\u017ea u liniji, odr\u017eavanje i<\/p>\n","protected":false},"featured_media":5936713,"comment_status":"closed","ping_status":"closed","template":"","meta":[],"product_brand":[3046],"product_cat":[1670,1661],"product_tag":[],"class_list":{"0":"post-3686962","1":"product","2":"type-product","3":"status-publish","4":"has-post-thumbnail","6":"product_brand-johnson-marine-hr","7":"product_cat-brodski-ventili","8":"product_cat-elementi-brodskog-vovovoda-plastika","10":"first","11":"instock","12":"shipping-taxable","13":"purchasable","14":"product-type-simple"},"_links":{"self":[{"href":"https:\/\/stoic-curie.212-227-153-4.plesk.page\/hr\/wp-json\/wp\/v2\/product\/3686962","targetHints":{"allow":["GET"]}}],"collection":[{"href":"https:\/\/stoic-curie.212-227-153-4.plesk.page\/hr\/wp-json\/wp\/v2\/product"}],"about":[{"href":"https:\/\/stoic-curie.212-227-153-4.plesk.page\/hr\/wp-json\/wp\/v2\/types\/product"}],"replies":[{"embeddable":true,"href":"https:\/\/stoic-curie.212-227-153-4.plesk.page\/hr\/wp-json\/wp\/v2\/comments?post=3686962"}],"version-history":[{"count":0,"href":"https:\/\/stoic-curie.212-227-153-4.plesk.page\/hr\/wp-json\/wp\/v2\/product\/3686962\/revisions"}],"wp:featuredmedia":[{"embeddable":true,"href":"https:\/\/stoic-curie.212-227-153-4.plesk.page\/hr\/wp-json\/wp\/v2\/media\/5936713"}],"wp:attachment":[{"href":"https:\/\/stoic-curie.212-227-153-4.plesk.page\/hr\/wp-json\/wp\/v2\/media?parent=3686962"}],"wp:term":[{"taxonomy":"product_brand","embeddable":true,"href":"https:\/\/stoic-curie.212-227-153-4.plesk.page\/hr\/wp-json\/wp\/v2\/product_brand?post=3686962"},{"taxonomy":"product_cat","embeddable":true,"href":"https:\/\/stoic-curie.212-227-153-4.plesk.page\/hr\/wp-json\/wp\/v2\/product_cat?post=3686962"},{"taxonomy":"product_tag","embeddable":true,"href":"https:\/\/stoic-curie.212-227-153-4.plesk.page\/hr\/wp-json\/wp\/v2\/product_tag?post=3686962"}],"curies":[{"name":"wp","href":"https:\/\/api.w.org\/{rel}","templated":true}]}}