{"id":3686964,"date":"2025-10-13T13:27:58","date_gmt":"2025-10-13T17:27:58","guid":{"rendered":"https:\/\/stoic-curie.212-227-153-4.plesk.page\/product\/kolotura-s-okvirom-antal-50mm-10mm-konop\/"},"modified":"2026-02-25T00:00:34","modified_gmt":"2026-02-25T00:00:34","slug":"kolotura-s-okvirom-antal-50mm-10mm-konop","status":"publish","type":"product","link":"https:\/\/stoic-curie.212-227-153-4.plesk.page\/hr\/product\/kolotura-s-okvirom-antal-50mm-10mm-konop\/","title":{"rendered":"Kolotura s okvirom Antal 50mm ( 10mm konop)"},"content":{"rendered":"<p>Kolotura s okvirom Antal 50mm ( 10mm konop) &#8211; <\/p>\n<p>Jednodijelni teflonski crni oksidirani aluminijski okvir, vrlo robusna blokada bez vijaka i \u010davala. Kompozitne vlaknaste pulle i dvostruka samovra\u0107aju\u0107a kugli\u010dna le\u017eajeva koja ne trebaju podmazivanje. Visokokvalitetni materijali jam\u010de velike radne optere\u0107enja i dodatnu lako\u0107u.<\/p>\n","protected":false},"excerpt":{"rendered":"<p>Kolotura s okvirom Antal 50mm ( 10mm konop) &#8211; Jednodijelni teflonski crni oksidirani aluminijski okvir, vrlo robusna blokada bez vijaka<\/p>\n","protected":false},"featured_media":5936744,"comment_status":"closed","ping_status":"closed","template":"","meta":[],"product_brand":[2786],"product_cat":[1762],"product_tag":[],"class_list":{"0":"post-3686964","1":"product","2":"type-product","3":"status-publish","4":"has-post-thumbnail","6":"product_brand-antal-hr","7":"product_cat-antal-koloture-za-jedrilice","9":"first","10":"instock","11":"shipping-taxable","12":"purchasable","13":"product-type-simple"},"_links":{"self":[{"href":"https:\/\/stoic-curie.212-227-153-4.plesk.page\/hr\/wp-json\/wp\/v2\/product\/3686964","targetHints":{"allow":["GET"]}}],"collection":[{"href":"https:\/\/stoic-curie.212-227-153-4.plesk.page\/hr\/wp-json\/wp\/v2\/product"}],"about":[{"href":"https:\/\/stoic-curie.212-227-153-4.plesk.page\/hr\/wp-json\/wp\/v2\/types\/product"}],"replies":[{"embeddable":true,"href":"https:\/\/stoic-curie.212-227-153-4.plesk.page\/hr\/wp-json\/wp\/v2\/comments?post=3686964"}],"version-history":[{"count":0,"href":"https:\/\/stoic-curie.212-227-153-4.plesk.page\/hr\/wp-json\/wp\/v2\/product\/3686964\/revisions"}],"wp:featuredmedia":[{"embeddable":true,"href":"https:\/\/stoic-curie.212-227-153-4.plesk.page\/hr\/wp-json\/wp\/v2\/media\/5936744"}],"wp:attachment":[{"href":"https:\/\/stoic-curie.212-227-153-4.plesk.page\/hr\/wp-json\/wp\/v2\/media?parent=3686964"}],"wp:term":[{"taxonomy":"product_brand","embeddable":true,"href":"https:\/\/stoic-curie.212-227-153-4.plesk.page\/hr\/wp-json\/wp\/v2\/product_brand?post=3686964"},{"taxonomy":"product_cat","embeddable":true,"href":"https:\/\/stoic-curie.212-227-153-4.plesk.page\/hr\/wp-json\/wp\/v2\/product_cat?post=3686964"},{"taxonomy":"product_tag","embeddable":true,"href":"https:\/\/stoic-curie.212-227-153-4.plesk.page\/hr\/wp-json\/wp\/v2\/product_tag?post=3686964"}],"curies":[{"name":"wp","href":"https:\/\/api.w.org\/{rel}","templated":true}]}}