{"id":3686979,"date":"2025-10-13T13:28:01","date_gmt":"2025-10-13T17:28:01","guid":{"rendered":"https:\/\/stoic-curie.212-227-153-4.plesk.page\/product\/crofender-vjesalice-za-bokobrane-22-25mm\/"},"modified":"2026-02-25T00:00:36","modified_gmt":"2026-02-25T00:00:36","slug":"crofender-vjesalice-za-bokobrane-22-25mm","status":"publish","type":"product","link":"https:\/\/stoic-curie.212-227-153-4.plesk.page\/hr\/product\/crofender-vjesalice-za-bokobrane-22-25mm\/","title":{"rendered":"CroFender vje\u0161alice za bokobrane 22\/25mm"},"content":{"rendered":"<p>CroFender vje\u0161alice za bokobrane 22\/25mm &#8211; <\/p>\n<p>Najlon otporan na UV s proljevcima za fender od nehr\u0111aju\u0107eg \u010delika. Pri\u010dvr\u0161\u0107uje se na ogradu promjera 22 do 25 mm i u\u017ead za \u017eivot promjera 6 do 9 mm. Vrlo jednostavna monta\u017ea fendera s GRIP podesivim visinom i ergonomskim dizajnom s udubljenjima za prste za jednostavno uklanjanje i premje\u0161tanje.<\/p>\n","protected":false},"excerpt":{"rendered":"<p>CroFender vje\u0161alice za bokobrane 22\/25mm &#8211; Najlon otporan na UV s proljevcima za fender od nehr\u0111aju\u0107eg \u010delika. Pri\u010dvr\u0161\u0107uje se na<\/p>\n","protected":false},"featured_media":5936824,"comment_status":"closed","ping_status":"closed","template":"","meta":[],"product_brand":[2876],"product_cat":[1847],"product_tag":[],"class_list":{"0":"post-3686979","1":"product","2":"type-product","3":"status-publish","4":"has-post-thumbnail","6":"product_brand-davis-hr","7":"product_cat-pribor-za-bokobrane","9":"first","10":"instock","11":"shipping-taxable","12":"purchasable","13":"product-type-simple"},"_links":{"self":[{"href":"https:\/\/stoic-curie.212-227-153-4.plesk.page\/hr\/wp-json\/wp\/v2\/product\/3686979","targetHints":{"allow":["GET"]}}],"collection":[{"href":"https:\/\/stoic-curie.212-227-153-4.plesk.page\/hr\/wp-json\/wp\/v2\/product"}],"about":[{"href":"https:\/\/stoic-curie.212-227-153-4.plesk.page\/hr\/wp-json\/wp\/v2\/types\/product"}],"replies":[{"embeddable":true,"href":"https:\/\/stoic-curie.212-227-153-4.plesk.page\/hr\/wp-json\/wp\/v2\/comments?post=3686979"}],"version-history":[{"count":0,"href":"https:\/\/stoic-curie.212-227-153-4.plesk.page\/hr\/wp-json\/wp\/v2\/product\/3686979\/revisions"}],"wp:featuredmedia":[{"embeddable":true,"href":"https:\/\/stoic-curie.212-227-153-4.plesk.page\/hr\/wp-json\/wp\/v2\/media\/5936824"}],"wp:attachment":[{"href":"https:\/\/stoic-curie.212-227-153-4.plesk.page\/hr\/wp-json\/wp\/v2\/media?parent=3686979"}],"wp:term":[{"taxonomy":"product_brand","embeddable":true,"href":"https:\/\/stoic-curie.212-227-153-4.plesk.page\/hr\/wp-json\/wp\/v2\/product_brand?post=3686979"},{"taxonomy":"product_cat","embeddable":true,"href":"https:\/\/stoic-curie.212-227-153-4.plesk.page\/hr\/wp-json\/wp\/v2\/product_cat?post=3686979"},{"taxonomy":"product_tag","embeddable":true,"href":"https:\/\/stoic-curie.212-227-153-4.plesk.page\/hr\/wp-json\/wp\/v2\/product_tag?post=3686979"}],"curies":[{"name":"wp","href":"https:\/\/api.w.org\/{rel}","templated":true}]}}