{"id":3686987,"date":"2025-10-13T13:28:03","date_gmt":"2025-10-13T17:28:03","guid":{"rendered":"https:\/\/stoic-curie.212-227-153-4.plesk.page\/product\/ruka-brisaca-od-nehrdajuceg-celika-za-roca-w12wp-i-mtm-w10-450-550-mm\/"},"modified":"2026-02-25T00:00:36","modified_gmt":"2026-02-25T00:00:36","slug":"ruka-brisaca-od-nehrdajuceg-celika-za-roca-w12wp-i-mtm-w10-450-550-mm","status":"publish","type":"product","link":"https:\/\/stoic-curie.212-227-153-4.plesk.page\/hr\/product\/ruka-brisaca-od-nehrdajuceg-celika-za-roca-w12wp-i-mtm-w10-450-550-mm\/","title":{"rendered":"Ruka brisa\u010da od nehr\u0111aju\u0107eg \u010delika za Roca W12wp i MTM W10 450-550 mm"},"content":{"rendered":"<p>Ruka brisa\u010da od nehr\u0111aju\u0107eg \u010delika za Roca W12wp i MTM W10 450-550 mm &#8211; <\/p>\n<p>Podesivi brisa\u010d od nehr\u0111aju\u0107eg \u010delika s J-obilje\u017ejem. Za brisa\u010de W10\/W12 i za sve brisa\u010de s osovinom od 13,8 mm. Klasi\u010dno S-oblikovano brisanje.<\/p>\n","protected":false},"excerpt":{"rendered":"<p>Ruka brisa\u010da od nehr\u0111aju\u0107eg \u010delika za Roca W12wp i MTM W10 450-550 mm &#8211; Podesivi brisa\u010d od nehr\u0111aju\u0107eg \u010delika s<\/p>\n","protected":false},"featured_media":5936836,"comment_status":"closed","ping_status":"closed","template":"","meta":[],"product_brand":[3316],"product_cat":[1735],"product_tag":[],"class_list":{"0":"post-3686987","1":"product","2":"type-product","3":"status-publish","4":"has-post-thumbnail","6":"product_brand-roca-marine-hr","7":"product_cat-brisaci-vjetrobranskog-stakla-na-brodu","9":"first","10":"instock","11":"shipping-taxable","12":"purchasable","13":"product-type-simple"},"_links":{"self":[{"href":"https:\/\/stoic-curie.212-227-153-4.plesk.page\/hr\/wp-json\/wp\/v2\/product\/3686987","targetHints":{"allow":["GET"]}}],"collection":[{"href":"https:\/\/stoic-curie.212-227-153-4.plesk.page\/hr\/wp-json\/wp\/v2\/product"}],"about":[{"href":"https:\/\/stoic-curie.212-227-153-4.plesk.page\/hr\/wp-json\/wp\/v2\/types\/product"}],"replies":[{"embeddable":true,"href":"https:\/\/stoic-curie.212-227-153-4.plesk.page\/hr\/wp-json\/wp\/v2\/comments?post=3686987"}],"version-history":[{"count":0,"href":"https:\/\/stoic-curie.212-227-153-4.plesk.page\/hr\/wp-json\/wp\/v2\/product\/3686987\/revisions"}],"wp:featuredmedia":[{"embeddable":true,"href":"https:\/\/stoic-curie.212-227-153-4.plesk.page\/hr\/wp-json\/wp\/v2\/media\/5936836"}],"wp:attachment":[{"href":"https:\/\/stoic-curie.212-227-153-4.plesk.page\/hr\/wp-json\/wp\/v2\/media?parent=3686987"}],"wp:term":[{"taxonomy":"product_brand","embeddable":true,"href":"https:\/\/stoic-curie.212-227-153-4.plesk.page\/hr\/wp-json\/wp\/v2\/product_brand?post=3686987"},{"taxonomy":"product_cat","embeddable":true,"href":"https:\/\/stoic-curie.212-227-153-4.plesk.page\/hr\/wp-json\/wp\/v2\/product_cat?post=3686987"},{"taxonomy":"product_tag","embeddable":true,"href":"https:\/\/stoic-curie.212-227-153-4.plesk.page\/hr\/wp-json\/wp\/v2\/product_tag?post=3686987"}],"curies":[{"name":"wp","href":"https:\/\/api.w.org\/{rel}","templated":true}]}}