{"id":3686989,"date":"2025-10-13T13:28:04","date_gmt":"2025-10-13T17:28:04","guid":{"rendered":"https:\/\/stoic-curie.212-227-153-4.plesk.page\/product\/svjetlo-circinus-qb-led-bijelo-05w-12-24v\/"},"modified":"2026-02-25T00:00:36","modified_gmt":"2026-02-25T00:00:36","slug":"svjetlo-circinus-qb-led-bijelo-05w-12-24v","status":"publish","type":"product","link":"https:\/\/stoic-curie.212-227-153-4.plesk.page\/hr\/product\/svjetlo-circinus-qb-led-bijelo-05w-12-24v\/","title":{"rendered":"Svjetlo circinus-qb LED bijelo 0,5w &#8211; 12 \/ 24v"},"content":{"rendered":"<p>Svjetlo circinus-qb LED bijelo 0,5w &#8211; 12 \/ 24v &#8211; <\/p>\n<p>Ugra\u0111eno vodootporno IP67 LED svjetlo za vanjske i unutarnje prostore. Kromirano mesingano tijelo, vijci od nehr\u0111aju\u0107eg \u010delika. Univerzalno napajanje 12\/24V.<\/p>\n","protected":false},"excerpt":{"rendered":"<p>Svjetlo circinus-qb LED bijelo 0,5w &#8211; 12 \/ 24v &#8211; Ugra\u0111eno vodootporno IP67 LED svjetlo za vanjske i unutarnje prostore.<\/p>\n","protected":false},"featured_media":5936843,"comment_status":"closed","ping_status":"closed","template":"","meta":[],"product_brand":[3221],"product_cat":[1730,1739],"product_tag":[],"class_list":{"0":"post-3686989","1":"product","2":"type-product","3":"status-publish","4":"has-post-thumbnail","6":"product_brand-oceanled-hr","7":"product_cat-dekorativna-rasvjeta","8":"product_cat-rasvjeta","10":"first","11":"instock","12":"shipping-taxable","13":"purchasable","14":"product-type-simple"},"_links":{"self":[{"href":"https:\/\/stoic-curie.212-227-153-4.plesk.page\/hr\/wp-json\/wp\/v2\/product\/3686989","targetHints":{"allow":["GET"]}}],"collection":[{"href":"https:\/\/stoic-curie.212-227-153-4.plesk.page\/hr\/wp-json\/wp\/v2\/product"}],"about":[{"href":"https:\/\/stoic-curie.212-227-153-4.plesk.page\/hr\/wp-json\/wp\/v2\/types\/product"}],"replies":[{"embeddable":true,"href":"https:\/\/stoic-curie.212-227-153-4.plesk.page\/hr\/wp-json\/wp\/v2\/comments?post=3686989"}],"version-history":[{"count":0,"href":"https:\/\/stoic-curie.212-227-153-4.plesk.page\/hr\/wp-json\/wp\/v2\/product\/3686989\/revisions"}],"wp:featuredmedia":[{"embeddable":true,"href":"https:\/\/stoic-curie.212-227-153-4.plesk.page\/hr\/wp-json\/wp\/v2\/media\/5936843"}],"wp:attachment":[{"href":"https:\/\/stoic-curie.212-227-153-4.plesk.page\/hr\/wp-json\/wp\/v2\/media?parent=3686989"}],"wp:term":[{"taxonomy":"product_brand","embeddable":true,"href":"https:\/\/stoic-curie.212-227-153-4.plesk.page\/hr\/wp-json\/wp\/v2\/product_brand?post=3686989"},{"taxonomy":"product_cat","embeddable":true,"href":"https:\/\/stoic-curie.212-227-153-4.plesk.page\/hr\/wp-json\/wp\/v2\/product_cat?post=3686989"},{"taxonomy":"product_tag","embeddable":true,"href":"https:\/\/stoic-curie.212-227-153-4.plesk.page\/hr\/wp-json\/wp\/v2\/product_tag?post=3686989"}],"curies":[{"name":"wp","href":"https:\/\/api.w.org\/{rel}","templated":true}]}}