{"id":3686991,"date":"2025-10-13T13:28:04","date_gmt":"2025-10-13T17:28:04","guid":{"rendered":"https:\/\/stoic-curie.212-227-153-4.plesk.page\/product\/bijelo-vodonepropusno-ip67-led-svjetlo-za-eksterijere-i-interijere-05w-12-24v\/"},"modified":"2026-02-25T00:00:36","modified_gmt":"2026-02-25T00:00:36","slug":"bijelo-vodonepropusno-ip67-led-svjetlo-za-eksterijere-i-interijere-05w-12-24v","status":"publish","type":"product","link":"https:\/\/stoic-curie.212-227-153-4.plesk.page\/hr\/product\/bijelo-vodonepropusno-ip67-led-svjetlo-za-eksterijere-i-interijere-05w-12-24v\/","title":{"rendered":"Bijelo vodonepropusno ip67 LED svjetlo za eksterijere i interijere 0,5w &#8211; 12 \/ 24v"},"content":{"rendered":"<p>Bijelo vodonepropusno ip67 LED svjetlo za eksterijere i interijere 0,5w &#8211; 12 \/ 24v &#8211; <\/p>\n<p>Ugradbena vodootporna IP67 LED rasvjeta za unutarnje i vanjske prostore. Tijelo od kromiranog mesinga, vijci od nehr\u0111aju\u0107eg \u010delika. Univerzalno napajanje 12\/24V.<\/p>\n","protected":false},"excerpt":{"rendered":"<p>Bijelo vodonepropusno ip67 LED svjetlo za eksterijere i interijere 0,5w &#8211; 12 \/ 24v &#8211; Ugradbena vodootporna IP67 LED rasvjeta<\/p>\n","protected":false},"featured_media":5936846,"comment_status":"closed","ping_status":"closed","template":"","meta":[],"product_brand":[3221],"product_cat":[1730],"product_tag":[],"class_list":{"0":"post-3686991","1":"product","2":"type-product","3":"status-publish","4":"has-post-thumbnail","6":"product_brand-oceanled-hr","7":"product_cat-dekorativna-rasvjeta","9":"first","10":"instock","11":"shipping-taxable","12":"purchasable","13":"product-type-simple"},"_links":{"self":[{"href":"https:\/\/stoic-curie.212-227-153-4.plesk.page\/hr\/wp-json\/wp\/v2\/product\/3686991","targetHints":{"allow":["GET"]}}],"collection":[{"href":"https:\/\/stoic-curie.212-227-153-4.plesk.page\/hr\/wp-json\/wp\/v2\/product"}],"about":[{"href":"https:\/\/stoic-curie.212-227-153-4.plesk.page\/hr\/wp-json\/wp\/v2\/types\/product"}],"replies":[{"embeddable":true,"href":"https:\/\/stoic-curie.212-227-153-4.plesk.page\/hr\/wp-json\/wp\/v2\/comments?post=3686991"}],"version-history":[{"count":0,"href":"https:\/\/stoic-curie.212-227-153-4.plesk.page\/hr\/wp-json\/wp\/v2\/product\/3686991\/revisions"}],"wp:featuredmedia":[{"embeddable":true,"href":"https:\/\/stoic-curie.212-227-153-4.plesk.page\/hr\/wp-json\/wp\/v2\/media\/5936846"}],"wp:attachment":[{"href":"https:\/\/stoic-curie.212-227-153-4.plesk.page\/hr\/wp-json\/wp\/v2\/media?parent=3686991"}],"wp:term":[{"taxonomy":"product_brand","embeddable":true,"href":"https:\/\/stoic-curie.212-227-153-4.plesk.page\/hr\/wp-json\/wp\/v2\/product_brand?post=3686991"},{"taxonomy":"product_cat","embeddable":true,"href":"https:\/\/stoic-curie.212-227-153-4.plesk.page\/hr\/wp-json\/wp\/v2\/product_cat?post=3686991"},{"taxonomy":"product_tag","embeddable":true,"href":"https:\/\/stoic-curie.212-227-153-4.plesk.page\/hr\/wp-json\/wp\/v2\/product_tag?post=3686991"}],"curies":[{"name":"wp","href":"https:\/\/api.w.org\/{rel}","templated":true}]}}