{"id":3686996,"date":"2025-10-13T13:28:05","date_gmt":"2025-10-13T17:28:05","guid":{"rendered":"https:\/\/stoic-curie.212-227-153-4.plesk.page\/product\/led-reflektor-od-nehrdajuceg-celika-12-24v-78mm\/"},"modified":"2026-02-25T00:00:36","modified_gmt":"2026-02-25T00:00:36","slug":"led-reflektor-od-nehrdajuceg-celika-12-24v-78mm","status":"publish","type":"product","link":"https:\/\/stoic-curie.212-227-153-4.plesk.page\/hr\/product\/led-reflektor-od-nehrdajuceg-celika-12-24v-78mm\/","title":{"rendered":"LED reflektor od nehr\u0111aju\u0107eg \u010delika 12-24V 78mm"},"content":{"rendered":"<p>LED reflektor od nehr\u0111aju\u0107eg \u010delika 12-24V 78mm &#8211; <\/p>\n<p>Ugradni LED reflektor od nehr\u0111aju\u0107eg \u010delika s IP65 za\u0161titom i rotiraju\u0107om le\u0107om. 3,1 W LED s dimerabilnim napajanjem od 8-30 V i toplom bijelom svjetlo\u0161\u0107u od 3000 K\u00c2\u00b0.<\/p>\n","protected":false},"excerpt":{"rendered":"<p>LED reflektor od nehr\u0111aju\u0107eg \u010delika 12-24V 78mm &#8211; Ugradni LED reflektor od nehr\u0111aju\u0107eg \u010delika s IP65 za\u0161titom i rotiraju\u0107om le\u0107om.<\/p>\n","protected":false},"featured_media":5936855,"comment_status":"closed","ping_status":"closed","template":"","meta":[],"product_brand":[3221],"product_cat":[1739],"product_tag":[],"class_list":{"0":"post-3686996","1":"product","2":"type-product","3":"status-publish","4":"has-post-thumbnail","6":"product_brand-oceanled-hr","7":"product_cat-rasvjeta","9":"first","10":"instock","11":"shipping-taxable","12":"purchasable","13":"product-type-simple"},"_links":{"self":[{"href":"https:\/\/stoic-curie.212-227-153-4.plesk.page\/hr\/wp-json\/wp\/v2\/product\/3686996","targetHints":{"allow":["GET"]}}],"collection":[{"href":"https:\/\/stoic-curie.212-227-153-4.plesk.page\/hr\/wp-json\/wp\/v2\/product"}],"about":[{"href":"https:\/\/stoic-curie.212-227-153-4.plesk.page\/hr\/wp-json\/wp\/v2\/types\/product"}],"replies":[{"embeddable":true,"href":"https:\/\/stoic-curie.212-227-153-4.plesk.page\/hr\/wp-json\/wp\/v2\/comments?post=3686996"}],"version-history":[{"count":0,"href":"https:\/\/stoic-curie.212-227-153-4.plesk.page\/hr\/wp-json\/wp\/v2\/product\/3686996\/revisions"}],"wp:featuredmedia":[{"embeddable":true,"href":"https:\/\/stoic-curie.212-227-153-4.plesk.page\/hr\/wp-json\/wp\/v2\/media\/5936855"}],"wp:attachment":[{"href":"https:\/\/stoic-curie.212-227-153-4.plesk.page\/hr\/wp-json\/wp\/v2\/media?parent=3686996"}],"wp:term":[{"taxonomy":"product_brand","embeddable":true,"href":"https:\/\/stoic-curie.212-227-153-4.plesk.page\/hr\/wp-json\/wp\/v2\/product_brand?post=3686996"},{"taxonomy":"product_cat","embeddable":true,"href":"https:\/\/stoic-curie.212-227-153-4.plesk.page\/hr\/wp-json\/wp\/v2\/product_cat?post=3686996"},{"taxonomy":"product_tag","embeddable":true,"href":"https:\/\/stoic-curie.212-227-153-4.plesk.page\/hr\/wp-json\/wp\/v2\/product_tag?post=3686996"}],"curies":[{"name":"wp","href":"https:\/\/api.w.org\/{rel}","templated":true}]}}