{"id":3686997,"date":"2025-10-13T13:28:05","date_gmt":"2025-10-13T17:28:05","guid":{"rendered":"https:\/\/stoic-curie.212-227-153-4.plesk.page\/product\/amortizer-za-privezni-konop-model-unimer-smart-do-20mm\/"},"modified":"2026-02-25T00:00:36","modified_gmt":"2026-02-25T00:00:36","slug":"amortizer-za-privezni-konop-model-unimer-smart-do-20mm","status":"publish","type":"product","link":"https:\/\/stoic-curie.212-227-153-4.plesk.page\/hr\/product\/amortizer-za-privezni-konop-model-unimer-smart-do-20mm\/","title":{"rendered":"Amortizer za privezni konop model Unimer Smart do 20mm"},"content":{"rendered":"<p>Amortizer za privezni konop model Unimer Smart do 20mm &#8211; <\/p>\n<p>Jaki elasti\u010dni materijalski odbojni elementi za vezivanje koji spre\u010davaju o\u0161te\u0107enje \u010damaca upijaju\u0107i trenutne optere\u0107enja na veznim u\u017eadima. Prodaju se u parovima. Kada god je potrebno. Proces sastavljanja ne zahtijeva slobodan kraj u\u017eeta. U\u010dinak kompenzacije mo\u017ee se lako prilagoditi dodavanjem vi\u0161e kompenzatora na istom u\u017eetu.<\/p>\n","protected":false},"excerpt":{"rendered":"<p>Amortizer za privezni konop model Unimer Smart do 20mm &#8211; Jaki elasti\u010dni materijalski odbojni elementi za vezivanje koji spre\u010davaju o\u0161te\u0107enje<\/p>\n","protected":false},"featured_media":5936906,"comment_status":"closed","ping_status":"closed","template":"","meta":[],"product_brand":[3506],"product_cat":[1624],"product_tag":[],"class_list":{"0":"post-3686997","1":"product","2":"type-product","3":"status-publish","4":"has-post-thumbnail","6":"product_brand-unimer-hr","7":"product_cat-amortizeri-za-konope-za-vez","9":"first","10":"instock","11":"shipping-taxable","12":"purchasable","13":"product-type-simple"},"_links":{"self":[{"href":"https:\/\/stoic-curie.212-227-153-4.plesk.page\/hr\/wp-json\/wp\/v2\/product\/3686997","targetHints":{"allow":["GET"]}}],"collection":[{"href":"https:\/\/stoic-curie.212-227-153-4.plesk.page\/hr\/wp-json\/wp\/v2\/product"}],"about":[{"href":"https:\/\/stoic-curie.212-227-153-4.plesk.page\/hr\/wp-json\/wp\/v2\/types\/product"}],"replies":[{"embeddable":true,"href":"https:\/\/stoic-curie.212-227-153-4.plesk.page\/hr\/wp-json\/wp\/v2\/comments?post=3686997"}],"version-history":[{"count":0,"href":"https:\/\/stoic-curie.212-227-153-4.plesk.page\/hr\/wp-json\/wp\/v2\/product\/3686997\/revisions"}],"wp:featuredmedia":[{"embeddable":true,"href":"https:\/\/stoic-curie.212-227-153-4.plesk.page\/hr\/wp-json\/wp\/v2\/media\/5936906"}],"wp:attachment":[{"href":"https:\/\/stoic-curie.212-227-153-4.plesk.page\/hr\/wp-json\/wp\/v2\/media?parent=3686997"}],"wp:term":[{"taxonomy":"product_brand","embeddable":true,"href":"https:\/\/stoic-curie.212-227-153-4.plesk.page\/hr\/wp-json\/wp\/v2\/product_brand?post=3686997"},{"taxonomy":"product_cat","embeddable":true,"href":"https:\/\/stoic-curie.212-227-153-4.plesk.page\/hr\/wp-json\/wp\/v2\/product_cat?post=3686997"},{"taxonomy":"product_tag","embeddable":true,"href":"https:\/\/stoic-curie.212-227-153-4.plesk.page\/hr\/wp-json\/wp\/v2\/product_tag?post=3686997"}],"curies":[{"name":"wp","href":"https:\/\/api.w.org\/{rel}","templated":true}]}}