{"id":3686998,"date":"2025-10-13T13:28:05","date_gmt":"2025-10-13T17:28:05","guid":{"rendered":"https:\/\/stoic-curie.212-227-153-4.plesk.page\/product\/skopac-wichard-od-nehrdajuceg-celika-sa-preckom-5-x-37-mm\/"},"modified":"2026-02-25T00:00:36","modified_gmt":"2026-02-25T00:00:36","slug":"skopac-wichard-od-nehrdajuceg-celika-sa-preckom-5-x-37-mm","status":"publish","type":"product","link":"https:\/\/stoic-curie.212-227-153-4.plesk.page\/hr\/product\/skopac-wichard-od-nehrdajuceg-celika-sa-preckom-5-x-37-mm\/","title":{"rendered":"\u0160kopac Wichard od nehr\u0111aju\u0107eg \u010delika sa pre\u010dkom 5 x 37 mm"},"content":{"rendered":"<p>\u0160kopac Wichard od nehr\u0111aju\u0107eg \u010delika sa pre\u010dkom 5 x 37 mm &#8211; <\/p>\n<p>Wichard 316 nehr\u0111aju\u0107i \u010deli\u010dni klju\u010d s dugim Dee obru\u010dem i \u0161ipkom. Optere\u0107enje na kidanje (BL) testirano i zajam\u010deno.<\/p>\n","protected":false},"excerpt":{"rendered":"<p>\u0160kopac Wichard od nehr\u0111aju\u0107eg \u010delika sa pre\u010dkom 5 x 37 mm &#8211; Wichard 316 nehr\u0111aju\u0107i \u010deli\u010dni klju\u010d s dugim Dee<\/p>\n","protected":false},"featured_media":5936910,"comment_status":"closed","ping_status":"closed","template":"","meta":[],"product_brand":[3536],"product_cat":[1693,1764],"product_tag":[],"class_list":{"0":"post-3686998","1":"product","2":"type-product","3":"status-publish","4":"has-post-thumbnail","6":"product_brand-wichard-hr","7":"product_cat-okovi-od-nehrdajuceg-celika","8":"product_cat-snap-skopci-za-jedrilice","10":"first","11":"instock","12":"shipping-taxable","13":"purchasable","14":"product-type-simple"},"_links":{"self":[{"href":"https:\/\/stoic-curie.212-227-153-4.plesk.page\/hr\/wp-json\/wp\/v2\/product\/3686998","targetHints":{"allow":["GET"]}}],"collection":[{"href":"https:\/\/stoic-curie.212-227-153-4.plesk.page\/hr\/wp-json\/wp\/v2\/product"}],"about":[{"href":"https:\/\/stoic-curie.212-227-153-4.plesk.page\/hr\/wp-json\/wp\/v2\/types\/product"}],"replies":[{"embeddable":true,"href":"https:\/\/stoic-curie.212-227-153-4.plesk.page\/hr\/wp-json\/wp\/v2\/comments?post=3686998"}],"version-history":[{"count":0,"href":"https:\/\/stoic-curie.212-227-153-4.plesk.page\/hr\/wp-json\/wp\/v2\/product\/3686998\/revisions"}],"wp:featuredmedia":[{"embeddable":true,"href":"https:\/\/stoic-curie.212-227-153-4.plesk.page\/hr\/wp-json\/wp\/v2\/media\/5936910"}],"wp:attachment":[{"href":"https:\/\/stoic-curie.212-227-153-4.plesk.page\/hr\/wp-json\/wp\/v2\/media?parent=3686998"}],"wp:term":[{"taxonomy":"product_brand","embeddable":true,"href":"https:\/\/stoic-curie.212-227-153-4.plesk.page\/hr\/wp-json\/wp\/v2\/product_brand?post=3686998"},{"taxonomy":"product_cat","embeddable":true,"href":"https:\/\/stoic-curie.212-227-153-4.plesk.page\/hr\/wp-json\/wp\/v2\/product_cat?post=3686998"},{"taxonomy":"product_tag","embeddable":true,"href":"https:\/\/stoic-curie.212-227-153-4.plesk.page\/hr\/wp-json\/wp\/v2\/product_tag?post=3686998"}],"curies":[{"name":"wp","href":"https:\/\/api.w.org\/{rel}","templated":true}]}}