{"id":3687001,"date":"2025-10-13T13:28:06","date_gmt":"2025-10-13T17:28:06","guid":{"rendered":"https:\/\/stoic-curie.212-227-153-4.plesk.page\/product\/dugi-d-skopac-s-kljucem-za-zatvaranje-pin-5mm-od-nehrdajuceg-celika\/"},"modified":"2026-02-25T00:00:36","modified_gmt":"2026-02-25T00:00:36","slug":"dugi-d-skopac-s-kljucem-za-zatvaranje-pin-5mm-od-nehrdajuceg-celika","status":"publish","type":"product","link":"https:\/\/stoic-curie.212-227-153-4.plesk.page\/hr\/product\/dugi-d-skopac-s-kljucem-za-zatvaranje-pin-5mm-od-nehrdajuceg-celika\/","title":{"rendered":"Dugi D \u0161kopac s kljucem za zatvaranje pin 5mm od nehr\u0111aju\u0107eg \u010delika"},"content":{"rendered":"<p>Dugi D \u0161kopac s kljucem za zatvaranje pin 5mm od nehr\u0111aju\u0107eg \u010delika &#8211; <\/p>\n<p>316 Nehr\u0111aju\u0107i \u010delik zarobljeni klju\u010dni pin Duga Dee u\u017ee.<\/p>\n","protected":false},"excerpt":{"rendered":"<p>Dugi D \u0161kopac s kljucem za zatvaranje pin 5mm od nehr\u0111aju\u0107eg \u010delika &#8211; 316 Nehr\u0111aju\u0107i \u010delik zarobljeni klju\u010dni pin Duga<\/p>\n","protected":false},"featured_media":5936914,"comment_status":"closed","ping_status":"closed","template":"","meta":[],"product_brand":[3121],"product_cat":[1693,1764],"product_tag":[],"class_list":{"0":"post-3687001","1":"product","2":"type-product","3":"status-publish","4":"has-post-thumbnail","6":"product_brand-marinetech-hr","7":"product_cat-okovi-od-nehrdajuceg-celika","8":"product_cat-snap-skopci-za-jedrilice","10":"first","11":"instock","12":"shipping-taxable","13":"purchasable","14":"product-type-simple"},"_links":{"self":[{"href":"https:\/\/stoic-curie.212-227-153-4.plesk.page\/hr\/wp-json\/wp\/v2\/product\/3687001","targetHints":{"allow":["GET"]}}],"collection":[{"href":"https:\/\/stoic-curie.212-227-153-4.plesk.page\/hr\/wp-json\/wp\/v2\/product"}],"about":[{"href":"https:\/\/stoic-curie.212-227-153-4.plesk.page\/hr\/wp-json\/wp\/v2\/types\/product"}],"replies":[{"embeddable":true,"href":"https:\/\/stoic-curie.212-227-153-4.plesk.page\/hr\/wp-json\/wp\/v2\/comments?post=3687001"}],"version-history":[{"count":0,"href":"https:\/\/stoic-curie.212-227-153-4.plesk.page\/hr\/wp-json\/wp\/v2\/product\/3687001\/revisions"}],"wp:featuredmedia":[{"embeddable":true,"href":"https:\/\/stoic-curie.212-227-153-4.plesk.page\/hr\/wp-json\/wp\/v2\/media\/5936914"}],"wp:attachment":[{"href":"https:\/\/stoic-curie.212-227-153-4.plesk.page\/hr\/wp-json\/wp\/v2\/media?parent=3687001"}],"wp:term":[{"taxonomy":"product_brand","embeddable":true,"href":"https:\/\/stoic-curie.212-227-153-4.plesk.page\/hr\/wp-json\/wp\/v2\/product_brand?post=3687001"},{"taxonomy":"product_cat","embeddable":true,"href":"https:\/\/stoic-curie.212-227-153-4.plesk.page\/hr\/wp-json\/wp\/v2\/product_cat?post=3687001"},{"taxonomy":"product_tag","embeddable":true,"href":"https:\/\/stoic-curie.212-227-153-4.plesk.page\/hr\/wp-json\/wp\/v2\/product_tag?post=3687001"}],"curies":[{"name":"wp","href":"https:\/\/api.w.org\/{rel}","templated":true}]}}