{"id":3687015,"date":"2025-10-13T13:28:10","date_gmt":"2025-10-13T17:28:10","guid":{"rendered":"https:\/\/stoic-curie.212-227-153-4.plesk.page\/product\/univerzalna-mreza-za-komarce-za-prozor-54x54-cm\/"},"modified":"2026-02-25T00:00:36","modified_gmt":"2026-02-25T00:00:36","slug":"univerzalna-mreza-za-komarce-za-prozor-54x54-cm","status":"publish","type":"product","link":"https:\/\/stoic-curie.212-227-153-4.plesk.page\/hr\/product\/univerzalna-mreza-za-komarce-za-prozor-54x54-cm\/","title":{"rendered":"Univerzalna mre\u017ea za komarce za prozor 54&#215;54 cm"},"content":{"rendered":"<p>Univerzalna mre\u017ea za komarce za prozor 54&#215;54 cm &#8211; <\/p>\n<p>Mre\u017eica protiv komaraca s te\u0161kim olovnim rubom za savr\u0161eno prianjanje na palubi.<\/p>\n","protected":false},"excerpt":{"rendered":"<p>Univerzalna mre\u017ea za komarce za prozor 54&#215;54 cm &#8211; Mre\u017eica protiv komaraca s te\u0161kim olovnim rubom za savr\u0161eno prianjanje na<\/p>\n","protected":false},"featured_media":5937018,"comment_status":"closed","ping_status":"closed","template":"","meta":[],"product_brand":[3166],"product_cat":[1702],"product_tag":[],"class_list":{"0":"post-3687015","1":"product","2":"type-product","3":"status-publish","4":"has-post-thumbnail","6":"product_brand-nautica-f4-hr","7":"product_cat-brodske-grotlasca-i-otvori","9":"first","10":"instock","11":"shipping-taxable","12":"purchasable","13":"product-type-simple"},"_links":{"self":[{"href":"https:\/\/stoic-curie.212-227-153-4.plesk.page\/hr\/wp-json\/wp\/v2\/product\/3687015","targetHints":{"allow":["GET"]}}],"collection":[{"href":"https:\/\/stoic-curie.212-227-153-4.plesk.page\/hr\/wp-json\/wp\/v2\/product"}],"about":[{"href":"https:\/\/stoic-curie.212-227-153-4.plesk.page\/hr\/wp-json\/wp\/v2\/types\/product"}],"replies":[{"embeddable":true,"href":"https:\/\/stoic-curie.212-227-153-4.plesk.page\/hr\/wp-json\/wp\/v2\/comments?post=3687015"}],"version-history":[{"count":0,"href":"https:\/\/stoic-curie.212-227-153-4.plesk.page\/hr\/wp-json\/wp\/v2\/product\/3687015\/revisions"}],"wp:featuredmedia":[{"embeddable":true,"href":"https:\/\/stoic-curie.212-227-153-4.plesk.page\/hr\/wp-json\/wp\/v2\/media\/5937018"}],"wp:attachment":[{"href":"https:\/\/stoic-curie.212-227-153-4.plesk.page\/hr\/wp-json\/wp\/v2\/media?parent=3687015"}],"wp:term":[{"taxonomy":"product_brand","embeddable":true,"href":"https:\/\/stoic-curie.212-227-153-4.plesk.page\/hr\/wp-json\/wp\/v2\/product_brand?post=3687015"},{"taxonomy":"product_cat","embeddable":true,"href":"https:\/\/stoic-curie.212-227-153-4.plesk.page\/hr\/wp-json\/wp\/v2\/product_cat?post=3687015"},{"taxonomy":"product_tag","embeddable":true,"href":"https:\/\/stoic-curie.212-227-153-4.plesk.page\/hr\/wp-json\/wp\/v2\/product_tag?post=3687015"}],"curies":[{"name":"wp","href":"https:\/\/api.w.org\/{rel}","templated":true}]}}