{"id":3687020,"date":"2025-10-13T13:28:10","date_gmt":"2025-10-13T17:28:10","guid":{"rendered":"https:\/\/stoic-curie.212-227-153-4.plesk.page\/product\/postolje-sjedala-odvojivo-173x173x55-mm-abs\/"},"modified":"2026-02-25T00:00:36","modified_gmt":"2026-02-25T00:00:36","slug":"postolje-sjedala-odvojivo-173x173x55-mm-abs","status":"publish","type":"product","link":"https:\/\/stoic-curie.212-227-153-4.plesk.page\/hr\/product\/postolje-sjedala-odvojivo-173x173x55-mm-abs\/","title":{"rendered":"Postolje sjedala odvojivo, 173x173x55 mm, Abs"},"content":{"rendered":"<p>Postolje sjedala odvojivo, 173x173x55 mm, Abs &#8211; <\/p>\n<p>Brzo spojiva rotacija sjedala od oja\u010danog plastike. Za montiranje sjedala na klupe i kutije za pohranu. Pogodno za monta\u017eu na vi\u0161e polo\u017eaja. Dijagonalne rupice razmak kota\u010da od 165 do 200 mm.<\/p>\n","protected":false},"excerpt":{"rendered":"<p>Postolje sjedala odvojivo, 173x173x55 mm, Abs &#8211; Brzo spojiva rotacija sjedala od oja\u010danog plastike. Za montiranje sjedala na klupe i<\/p>\n","protected":false},"featured_media":5937022,"comment_status":"closed","ping_status":"closed","template":"","meta":[],"product_brand":[2966],"product_cat":[1678,1698],"product_tag":[],"class_list":{"0":"post-3687020","1":"product","2":"type-product","3":"status-publish","4":"has-post-thumbnail","6":"product_brand-garelick-hr","7":"product_cat-brodska-sjedala","8":"product_cat-stalci-za-sjedala","10":"first","11":"instock","12":"shipping-taxable","13":"purchasable","14":"product-type-simple"},"_links":{"self":[{"href":"https:\/\/stoic-curie.212-227-153-4.plesk.page\/hr\/wp-json\/wp\/v2\/product\/3687020","targetHints":{"allow":["GET"]}}],"collection":[{"href":"https:\/\/stoic-curie.212-227-153-4.plesk.page\/hr\/wp-json\/wp\/v2\/product"}],"about":[{"href":"https:\/\/stoic-curie.212-227-153-4.plesk.page\/hr\/wp-json\/wp\/v2\/types\/product"}],"replies":[{"embeddable":true,"href":"https:\/\/stoic-curie.212-227-153-4.plesk.page\/hr\/wp-json\/wp\/v2\/comments?post=3687020"}],"version-history":[{"count":0,"href":"https:\/\/stoic-curie.212-227-153-4.plesk.page\/hr\/wp-json\/wp\/v2\/product\/3687020\/revisions"}],"wp:featuredmedia":[{"embeddable":true,"href":"https:\/\/stoic-curie.212-227-153-4.plesk.page\/hr\/wp-json\/wp\/v2\/media\/5937022"}],"wp:attachment":[{"href":"https:\/\/stoic-curie.212-227-153-4.plesk.page\/hr\/wp-json\/wp\/v2\/media?parent=3687020"}],"wp:term":[{"taxonomy":"product_brand","embeddable":true,"href":"https:\/\/stoic-curie.212-227-153-4.plesk.page\/hr\/wp-json\/wp\/v2\/product_brand?post=3687020"},{"taxonomy":"product_cat","embeddable":true,"href":"https:\/\/stoic-curie.212-227-153-4.plesk.page\/hr\/wp-json\/wp\/v2\/product_cat?post=3687020"},{"taxonomy":"product_tag","embeddable":true,"href":"https:\/\/stoic-curie.212-227-153-4.plesk.page\/hr\/wp-json\/wp\/v2\/product_tag?post=3687020"}],"curies":[{"name":"wp","href":"https:\/\/api.w.org\/{rel}","templated":true}]}}