{"id":3687063,"date":"2025-10-13T13:28:19","date_gmt":"2025-10-13T17:28:19","guid":{"rendered":"https:\/\/stoic-curie.212-227-153-4.plesk.page\/product\/nosaci-motora-s-amortizerom-s-m12\/"},"modified":"2026-02-25T00:00:38","modified_gmt":"2026-02-25T00:00:38","slug":"nosaci-motora-s-amortizerom-s-m12","status":"publish","type":"product","link":"https:\/\/stoic-curie.212-227-153-4.plesk.page\/hr\/product\/nosaci-motora-s-amortizerom-s-m12\/","title":{"rendered":"Nosaci motora s amortizerom S M12"},"content":{"rendered":"<p>Nosaci motora s amortizerom S M12 &#8211; <\/p>\n<p>Fleksibilni nosa\u010di za male dizelske motore. M12 navojni \u010dep du\u017eine 100 mm. (SH = Shore)<\/p>\n","protected":false},"excerpt":{"rendered":"<p>Nosaci motora s amortizerom S M12 &#8211; Fleksibilni nosa\u010di za male dizelske motore. M12 navojni \u010dep du\u017eine 100 mm. (SH<\/p>\n","protected":false},"featured_media":5937141,"comment_status":"closed","ping_status":"closed","template":"","meta":[],"product_brand":[2781],"product_cat":[1824],"product_tag":[],"class_list":{"0":"post-3687063","1":"product","2":"type-product","3":"status-publish","4":"has-post-thumbnail","6":"product_brand-ancor-marine-hr","7":"product_cat-nosaci-motora-protiv-vibracija","9":"first","10":"instock","11":"shipping-taxable","12":"purchasable","13":"product-type-simple"},"_links":{"self":[{"href":"https:\/\/stoic-curie.212-227-153-4.plesk.page\/hr\/wp-json\/wp\/v2\/product\/3687063","targetHints":{"allow":["GET"]}}],"collection":[{"href":"https:\/\/stoic-curie.212-227-153-4.plesk.page\/hr\/wp-json\/wp\/v2\/product"}],"about":[{"href":"https:\/\/stoic-curie.212-227-153-4.plesk.page\/hr\/wp-json\/wp\/v2\/types\/product"}],"replies":[{"embeddable":true,"href":"https:\/\/stoic-curie.212-227-153-4.plesk.page\/hr\/wp-json\/wp\/v2\/comments?post=3687063"}],"version-history":[{"count":0,"href":"https:\/\/stoic-curie.212-227-153-4.plesk.page\/hr\/wp-json\/wp\/v2\/product\/3687063\/revisions"}],"wp:featuredmedia":[{"embeddable":true,"href":"https:\/\/stoic-curie.212-227-153-4.plesk.page\/hr\/wp-json\/wp\/v2\/media\/5937141"}],"wp:attachment":[{"href":"https:\/\/stoic-curie.212-227-153-4.plesk.page\/hr\/wp-json\/wp\/v2\/media?parent=3687063"}],"wp:term":[{"taxonomy":"product_brand","embeddable":true,"href":"https:\/\/stoic-curie.212-227-153-4.plesk.page\/hr\/wp-json\/wp\/v2\/product_brand?post=3687063"},{"taxonomy":"product_cat","embeddable":true,"href":"https:\/\/stoic-curie.212-227-153-4.plesk.page\/hr\/wp-json\/wp\/v2\/product_cat?post=3687063"},{"taxonomy":"product_tag","embeddable":true,"href":"https:\/\/stoic-curie.212-227-153-4.plesk.page\/hr\/wp-json\/wp\/v2\/product_tag?post=3687063"}],"curies":[{"name":"wp","href":"https:\/\/api.w.org\/{rel}","templated":true}]}}