{"id":3687065,"date":"2025-10-13T13:28:19","date_gmt":"2025-10-13T17:28:19","guid":{"rendered":"https:\/\/stoic-curie.212-227-153-4.plesk.page\/product\/star-brite-skidac-hrde-650-ml\/"},"modified":"2026-02-25T00:00:38","modified_gmt":"2026-02-25T00:00:38","slug":"star-brite-skidac-hrde-650-ml","status":"publish","type":"product","link":"https:\/\/stoic-curie.212-227-153-4.plesk.page\/hr\/product\/star-brite-skidac-hrde-650-ml\/","title":{"rendered":"Star Brite skida\u010d hr\u0111e 650 ml"},"content":{"rendered":"<p>Star Brite skida\u010d hr\u0111e 650 ml &#8211; <\/p>\n<p>\u2022 Kemijski dizajniran za uklanjanje hr\u0111e i oksidacije bez o\u0161te\u0107enja originalnog metala. \u2022 Pretvara hr\u0111u u stabilan, \u010dvrst oblik. \u2022 Odli\u010dna podloga za bojanje metala. \u2022 Poseban proces puferiranja \u010dini ovaj kiseli proizvod sigurnim za upotrebu. \u2022 Biolo\u0161ki razgradiv.<\/p>\n","protected":false},"excerpt":{"rendered":"<p>Star Brite skida\u010d hr\u0111e 650 ml &#8211; \u2022 Kemijski dizajniran za uklanjanje hr\u0111e i oksidacije bez o\u0161te\u0107enja originalnog metala. \u2022<\/p>\n","protected":false},"featured_media":5937167,"comment_status":"closed","ping_status":"closed","template":"","meta":[],"product_brand":[3436],"product_cat":[1628],"product_tag":[],"class_list":{"0":"post-3687065","1":"product","2":"type-product","3":"status-publish","4":"has-post-thumbnail","6":"product_brand-starbrite-hr","7":"product_cat-proizvodi-za-ciscenje","9":"first","10":"instock","11":"shipping-taxable","12":"purchasable","13":"product-type-simple"},"_links":{"self":[{"href":"https:\/\/stoic-curie.212-227-153-4.plesk.page\/hr\/wp-json\/wp\/v2\/product\/3687065","targetHints":{"allow":["GET"]}}],"collection":[{"href":"https:\/\/stoic-curie.212-227-153-4.plesk.page\/hr\/wp-json\/wp\/v2\/product"}],"about":[{"href":"https:\/\/stoic-curie.212-227-153-4.plesk.page\/hr\/wp-json\/wp\/v2\/types\/product"}],"replies":[{"embeddable":true,"href":"https:\/\/stoic-curie.212-227-153-4.plesk.page\/hr\/wp-json\/wp\/v2\/comments?post=3687065"}],"version-history":[{"count":0,"href":"https:\/\/stoic-curie.212-227-153-4.plesk.page\/hr\/wp-json\/wp\/v2\/product\/3687065\/revisions"}],"wp:featuredmedia":[{"embeddable":true,"href":"https:\/\/stoic-curie.212-227-153-4.plesk.page\/hr\/wp-json\/wp\/v2\/media\/5937167"}],"wp:attachment":[{"href":"https:\/\/stoic-curie.212-227-153-4.plesk.page\/hr\/wp-json\/wp\/v2\/media?parent=3687065"}],"wp:term":[{"taxonomy":"product_brand","embeddable":true,"href":"https:\/\/stoic-curie.212-227-153-4.plesk.page\/hr\/wp-json\/wp\/v2\/product_brand?post=3687065"},{"taxonomy":"product_cat","embeddable":true,"href":"https:\/\/stoic-curie.212-227-153-4.plesk.page\/hr\/wp-json\/wp\/v2\/product_cat?post=3687065"},{"taxonomy":"product_tag","embeddable":true,"href":"https:\/\/stoic-curie.212-227-153-4.plesk.page\/hr\/wp-json\/wp\/v2\/product_tag?post=3687065"}],"curies":[{"name":"wp","href":"https:\/\/api.w.org\/{rel}","templated":true}]}}