{"id":3687066,"date":"2025-10-13T13:28:20","date_gmt":"2025-10-13T17:28:20","guid":{"rendered":"https:\/\/stoic-curie.212-227-153-4.plesk.page\/product\/aluspray-aluminium-spray-boja-400m\/"},"modified":"2026-02-25T00:00:38","modified_gmt":"2026-02-25T00:00:38","slug":"aluspray-aluminium-spray-boja-400m","status":"publish","type":"product","link":"https:\/\/stoic-curie.212-227-153-4.plesk.page\/hr\/product\/aluspray-aluminium-spray-boja-400m\/","title":{"rendered":"Aluspray Aluminium Spray boja 400M"},"content":{"rendered":"<p>Aluspray Aluminium Spray boja 400M &#8211; <\/p>\n<p>Sprej metalne boje koje tvore za\u0161titni sloj na svim vrstama povr\u0161ina. METALZINC za hladnu galvanu osigurava savr\u0161en za\u0161titni sloj koji se mo\u017ee ponovo obojati. INOXSPRAY, na bazi nehr\u0111aju\u0107eg \u010delika, stvara izdr\u017eljiv i za\u0161titni sloj od nehr\u0111aju\u0107eg \u010delika. ALUSPRAY, na bazi aluminija, stvara sloj otporan na slanu maglu i vodu.<\/p>\n","protected":false},"excerpt":{"rendered":"<p>Aluspray Aluminium Spray boja 400M &#8211; Sprej metalne boje koje tvore za\u0161titni sloj na svim vrstama povr\u0161ina. METALZINC za hladnu<\/p>\n","protected":false},"featured_media":5935665,"comment_status":"closed","ping_status":"closed","template":"","meta":[],"product_brand":[3401],"product_cat":[1634],"product_tag":[],"class_list":{"0":"post-3687066","1":"product","2":"type-product","3":"status-publish","4":"has-post-thumbnail","6":"product_brand-silpar-tk-hr","7":"product_cat-brodske-boje","9":"first","10":"instock","11":"shipping-taxable","12":"purchasable","13":"product-type-simple"},"_links":{"self":[{"href":"https:\/\/stoic-curie.212-227-153-4.plesk.page\/hr\/wp-json\/wp\/v2\/product\/3687066","targetHints":{"allow":["GET"]}}],"collection":[{"href":"https:\/\/stoic-curie.212-227-153-4.plesk.page\/hr\/wp-json\/wp\/v2\/product"}],"about":[{"href":"https:\/\/stoic-curie.212-227-153-4.plesk.page\/hr\/wp-json\/wp\/v2\/types\/product"}],"replies":[{"embeddable":true,"href":"https:\/\/stoic-curie.212-227-153-4.plesk.page\/hr\/wp-json\/wp\/v2\/comments?post=3687066"}],"version-history":[{"count":0,"href":"https:\/\/stoic-curie.212-227-153-4.plesk.page\/hr\/wp-json\/wp\/v2\/product\/3687066\/revisions"}],"wp:featuredmedia":[{"embeddable":true,"href":"https:\/\/stoic-curie.212-227-153-4.plesk.page\/hr\/wp-json\/wp\/v2\/media\/5935665"}],"wp:attachment":[{"href":"https:\/\/stoic-curie.212-227-153-4.plesk.page\/hr\/wp-json\/wp\/v2\/media?parent=3687066"}],"wp:term":[{"taxonomy":"product_brand","embeddable":true,"href":"https:\/\/stoic-curie.212-227-153-4.plesk.page\/hr\/wp-json\/wp\/v2\/product_brand?post=3687066"},{"taxonomy":"product_cat","embeddable":true,"href":"https:\/\/stoic-curie.212-227-153-4.plesk.page\/hr\/wp-json\/wp\/v2\/product_cat?post=3687066"},{"taxonomy":"product_tag","embeddable":true,"href":"https:\/\/stoic-curie.212-227-153-4.plesk.page\/hr\/wp-json\/wp\/v2\/product_tag?post=3687066"}],"curies":[{"name":"wp","href":"https:\/\/api.w.org\/{rel}","templated":true}]}}