{"id":3687067,"date":"2025-10-13T13:28:20","date_gmt":"2025-10-13T17:28:20","guid":{"rendered":"https:\/\/stoic-curie.212-227-153-4.plesk.page\/product\/raztezljivo-crijevo-za-pranje-plavo-5-15-mt\/"},"modified":"2026-02-25T00:00:38","modified_gmt":"2026-02-25T00:00:38","slug":"raztezljivo-crijevo-za-pranje-plavo-5-15-mt","status":"publish","type":"product","link":"https:\/\/stoic-curie.212-227-153-4.plesk.page\/hr\/product\/raztezljivo-crijevo-za-pranje-plavo-5-15-mt\/","title":{"rendered":"Raztezljivo crijevo za pranje ,plavo 5-15 mt"},"content":{"rendered":"<p>Raztezljivo crijevo za pranje ,plavo 5-15 mt &#8211; <\/p>\n<p>Produ\u017eiva crijevo s brzim priklju\u010dcima i pi\u0161toljem za prskanje s 7 funkcija. <br \/> \u2022 Prakti\u010dno, \u0161iri se tijekom kori\u0161tenja i smanjuje se kada se voda isklju\u010di. <br \/> \u2022 Fleksibilno, nikad se ne uvija niti se kvari, odr\u017eava stalni pritisak. <br \/> \u2022 Kompaktno i lagano, lako se pohranjuje u uskim prostorima. <br \/> \u2022 Prekriveno jakom za\u0161titnom mre\u017eom.<\/p>\n","protected":false},"excerpt":{"rendered":"<p>Raztezljivo crijevo za pranje ,plavo 5-15 mt &#8211; Produ\u017eiva crijevo s brzim priklju\u010dcima i pi\u0161toljem za prskanje s 7 funkcija.<\/p>\n","protected":false},"featured_media":5937168,"comment_status":"closed","ping_status":"closed","template":"","meta":[],"product_brand":[3491],"product_cat":[1631,1648],"product_tag":[],"class_list":{"0":"post-3687067","1":"product","2":"type-product","3":"status-publish","4":"has-post-thumbnail","6":"product_brand-trem-hr","7":"product_cat-alati-za-ciscenje","8":"product_cat-pumpe-za-pranje-brodova","10":"first","11":"instock","12":"shipping-taxable","13":"purchasable","14":"product-type-simple"},"_links":{"self":[{"href":"https:\/\/stoic-curie.212-227-153-4.plesk.page\/hr\/wp-json\/wp\/v2\/product\/3687067","targetHints":{"allow":["GET"]}}],"collection":[{"href":"https:\/\/stoic-curie.212-227-153-4.plesk.page\/hr\/wp-json\/wp\/v2\/product"}],"about":[{"href":"https:\/\/stoic-curie.212-227-153-4.plesk.page\/hr\/wp-json\/wp\/v2\/types\/product"}],"replies":[{"embeddable":true,"href":"https:\/\/stoic-curie.212-227-153-4.plesk.page\/hr\/wp-json\/wp\/v2\/comments?post=3687067"}],"version-history":[{"count":0,"href":"https:\/\/stoic-curie.212-227-153-4.plesk.page\/hr\/wp-json\/wp\/v2\/product\/3687067\/revisions"}],"wp:featuredmedia":[{"embeddable":true,"href":"https:\/\/stoic-curie.212-227-153-4.plesk.page\/hr\/wp-json\/wp\/v2\/media\/5937168"}],"wp:attachment":[{"href":"https:\/\/stoic-curie.212-227-153-4.plesk.page\/hr\/wp-json\/wp\/v2\/media?parent=3687067"}],"wp:term":[{"taxonomy":"product_brand","embeddable":true,"href":"https:\/\/stoic-curie.212-227-153-4.plesk.page\/hr\/wp-json\/wp\/v2\/product_brand?post=3687067"},{"taxonomy":"product_cat","embeddable":true,"href":"https:\/\/stoic-curie.212-227-153-4.plesk.page\/hr\/wp-json\/wp\/v2\/product_cat?post=3687067"},{"taxonomy":"product_tag","embeddable":true,"href":"https:\/\/stoic-curie.212-227-153-4.plesk.page\/hr\/wp-json\/wp\/v2\/product_tag?post=3687067"}],"curies":[{"name":"wp","href":"https:\/\/api.w.org\/{rel}","templated":true}]}}