{"id":3687074,"date":"2025-10-13T13:28:22","date_gmt":"2025-10-13T17:28:22","guid":{"rendered":"https:\/\/stoic-curie.212-227-153-4.plesk.page\/product\/plutaca-za-oznacavanje-zuta-110x90mm\/"},"modified":"2026-02-25T00:00:38","modified_gmt":"2026-02-25T00:00:38","slug":"plutaca-za-oznacavanje-zuta-110x90mm","status":"publish","type":"product","link":"https:\/\/stoic-curie.212-227-153-4.plesk.page\/hr\/product\/plutaca-za-oznacavanje-zuta-110x90mm\/","title":{"rendered":"Pluta\u010da za ozna\u010davanje, \u017euta 110x90mm"},"content":{"rendered":"<p>Pluta\u010da za ozna\u010davanje, \u017euta 110x90mm &#8211; <\/p>\n<p>Oja\u010dana PVC oznaka boja. Za signalizaciju, ozna\u010davanje, vezivanje itd.<\/p>\n","protected":false},"excerpt":{"rendered":"<p>Pluta\u010da za ozna\u010davanje, \u017euta 110x90mm &#8211; Oja\u010dana PVC oznaka boja. Za signalizaciju, ozna\u010davanje, vezivanje itd.<\/p>\n","protected":false},"featured_media":5937172,"comment_status":"closed","ping_status":"closed","template":"","meta":[],"product_brand":[3091],"product_cat":[1850],"product_tag":[],"class_list":{"0":"post-3687074","1":"product","2":"type-product","3":"status-publish","4":"has-post-thumbnail","6":"product_brand-majoni-hr","7":"product_cat-plutace-za-privez-i-signalizaciju","9":"first","10":"instock","11":"shipping-taxable","12":"purchasable","13":"product-type-simple"},"_links":{"self":[{"href":"https:\/\/stoic-curie.212-227-153-4.plesk.page\/hr\/wp-json\/wp\/v2\/product\/3687074","targetHints":{"allow":["GET"]}}],"collection":[{"href":"https:\/\/stoic-curie.212-227-153-4.plesk.page\/hr\/wp-json\/wp\/v2\/product"}],"about":[{"href":"https:\/\/stoic-curie.212-227-153-4.plesk.page\/hr\/wp-json\/wp\/v2\/types\/product"}],"replies":[{"embeddable":true,"href":"https:\/\/stoic-curie.212-227-153-4.plesk.page\/hr\/wp-json\/wp\/v2\/comments?post=3687074"}],"version-history":[{"count":0,"href":"https:\/\/stoic-curie.212-227-153-4.plesk.page\/hr\/wp-json\/wp\/v2\/product\/3687074\/revisions"}],"wp:featuredmedia":[{"embeddable":true,"href":"https:\/\/stoic-curie.212-227-153-4.plesk.page\/hr\/wp-json\/wp\/v2\/media\/5937172"}],"wp:attachment":[{"href":"https:\/\/stoic-curie.212-227-153-4.plesk.page\/hr\/wp-json\/wp\/v2\/media?parent=3687074"}],"wp:term":[{"taxonomy":"product_brand","embeddable":true,"href":"https:\/\/stoic-curie.212-227-153-4.plesk.page\/hr\/wp-json\/wp\/v2\/product_brand?post=3687074"},{"taxonomy":"product_cat","embeddable":true,"href":"https:\/\/stoic-curie.212-227-153-4.plesk.page\/hr\/wp-json\/wp\/v2\/product_cat?post=3687074"},{"taxonomy":"product_tag","embeddable":true,"href":"https:\/\/stoic-curie.212-227-153-4.plesk.page\/hr\/wp-json\/wp\/v2\/product_tag?post=3687074"}],"curies":[{"name":"wp","href":"https:\/\/api.w.org\/{rel}","templated":true}]}}