{"id":3687079,"date":"2025-10-13T13:28:23","date_gmt":"2025-10-13T17:28:23","guid":{"rendered":"https:\/\/stoic-curie.212-227-153-4.plesk.page\/product\/stainless-steel-loxx-tenax-kapice-s-oprugama\/"},"modified":"2026-02-25T00:00:38","modified_gmt":"2026-02-25T00:00:38","slug":"stainless-steel-loxx-tenax-kapice-s-oprugama","status":"publish","type":"product","link":"https:\/\/stoic-curie.212-227-153-4.plesk.page\/hr\/product\/stainless-steel-loxx-tenax-kapice-s-oprugama\/","title":{"rendered":"Stainless Steel Loxx-Tenax kapice s oprugama"},"content":{"rendered":"<p>Stainless Steel Loxx-Tenax kapice s oprugama &#8211; <\/p>\n<p>Pravi njema\u010dki Loxx opru\u017eni podiza\u010di vrhunske kvalitete. Tijelo od mesinga ili nehr\u0111aju\u0107eg \u010delika, opruga od nehr\u0111aju\u0107eg \u010delika.<\/p>\n","protected":false},"excerpt":{"rendered":"<p>Stainless Steel Loxx-Tenax kapice s oprugama &#8211; Pravi njema\u010dki Loxx opru\u017eni podiza\u010di vrhunske kvalitete. Tijelo od mesinga ili nehr\u0111aju\u0107eg \u010delika,<\/p>\n","protected":false},"featured_media":5937216,"comment_status":"closed","ping_status":"closed","template":"","meta":[],"product_brand":[3076],"product_cat":[1689,1703],"product_tag":[],"class_list":{"0":"post-3687079","1":"product","2":"type-product","3":"status-publish","4":"has-post-thumbnail","6":"product_brand-loxx-hr","7":"product_cat-bimini-tende","8":"product_cat-hardver-za-navlake-i-bimini","10":"first","11":"instock","12":"shipping-taxable","13":"purchasable","14":"product-type-simple"},"_links":{"self":[{"href":"https:\/\/stoic-curie.212-227-153-4.plesk.page\/hr\/wp-json\/wp\/v2\/product\/3687079","targetHints":{"allow":["GET"]}}],"collection":[{"href":"https:\/\/stoic-curie.212-227-153-4.plesk.page\/hr\/wp-json\/wp\/v2\/product"}],"about":[{"href":"https:\/\/stoic-curie.212-227-153-4.plesk.page\/hr\/wp-json\/wp\/v2\/types\/product"}],"replies":[{"embeddable":true,"href":"https:\/\/stoic-curie.212-227-153-4.plesk.page\/hr\/wp-json\/wp\/v2\/comments?post=3687079"}],"version-history":[{"count":0,"href":"https:\/\/stoic-curie.212-227-153-4.plesk.page\/hr\/wp-json\/wp\/v2\/product\/3687079\/revisions"}],"wp:featuredmedia":[{"embeddable":true,"href":"https:\/\/stoic-curie.212-227-153-4.plesk.page\/hr\/wp-json\/wp\/v2\/media\/5937216"}],"wp:attachment":[{"href":"https:\/\/stoic-curie.212-227-153-4.plesk.page\/hr\/wp-json\/wp\/v2\/media?parent=3687079"}],"wp:term":[{"taxonomy":"product_brand","embeddable":true,"href":"https:\/\/stoic-curie.212-227-153-4.plesk.page\/hr\/wp-json\/wp\/v2\/product_brand?post=3687079"},{"taxonomy":"product_cat","embeddable":true,"href":"https:\/\/stoic-curie.212-227-153-4.plesk.page\/hr\/wp-json\/wp\/v2\/product_cat?post=3687079"},{"taxonomy":"product_tag","embeddable":true,"href":"https:\/\/stoic-curie.212-227-153-4.plesk.page\/hr\/wp-json\/wp\/v2\/product_tag?post=3687079"}],"curies":[{"name":"wp","href":"https:\/\/api.w.org\/{rel}","templated":true}]}}