{"id":3687082,"date":"2025-10-13T13:28:24","date_gmt":"2025-10-13T17:28:24","guid":{"rendered":"https:\/\/stoic-curie.212-227-153-4.plesk.page\/product\/standardni-remen-za-pricvrscenje-35mm-x-6mt-1000kg\/"},"modified":"2026-02-25T00:00:38","modified_gmt":"2026-02-25T00:00:38","slug":"standardni-remen-za-pricvrscenje-35mm-x-6mt-1000kg","status":"publish","type":"product","link":"https:\/\/stoic-curie.212-227-153-4.plesk.page\/hr\/product\/standardni-remen-za-pricvrscenje-35mm-x-6mt-1000kg\/","title":{"rendered":"Standardni remen za pri\u010dvr\u0161cenje 35mm x 6mt &#8211; 1000kg"},"content":{"rendered":"<p>Standardni remen za pri\u010dvr\u0161cenje 35mm x 6mt &#8211; 1000kg &#8211; <\/p>\n<p>Traka s kukom visoke \u010dvrsto\u0107e od poliesterskog remena i kukom i zup\u010danikom od \u017eeljeza-kadmija. Idealan za vezivanje bilo kojeg tereta na \u010damcima, mostovima, skladi\u0161tima, kolica i vozilima. CE ozna\u010deno prema EN 12195-2.<\/p>\n","protected":false},"excerpt":{"rendered":"<p>Standardni remen za pri\u010dvr\u0161cenje 35mm x 6mt &#8211; 1000kg &#8211; Traka s kukom visoke \u010dvrsto\u0107e od poliesterskog remena i kukom<\/p>\n","protected":false},"featured_media":5937234,"comment_status":"closed","ping_status":"closed","template":"","meta":[],"product_brand":[2891],"product_cat":[1838],"product_tag":[],"class_list":{"0":"post-3687082","1":"product","2":"type-product","3":"status-publish","4":"has-post-thumbnail","6":"product_brand-domar-hr","7":"product_cat-trake-i-remeni-za-pritezanje","9":"first","10":"instock","11":"shipping-taxable","12":"purchasable","13":"product-type-simple"},"_links":{"self":[{"href":"https:\/\/stoic-curie.212-227-153-4.plesk.page\/hr\/wp-json\/wp\/v2\/product\/3687082","targetHints":{"allow":["GET"]}}],"collection":[{"href":"https:\/\/stoic-curie.212-227-153-4.plesk.page\/hr\/wp-json\/wp\/v2\/product"}],"about":[{"href":"https:\/\/stoic-curie.212-227-153-4.plesk.page\/hr\/wp-json\/wp\/v2\/types\/product"}],"replies":[{"embeddable":true,"href":"https:\/\/stoic-curie.212-227-153-4.plesk.page\/hr\/wp-json\/wp\/v2\/comments?post=3687082"}],"version-history":[{"count":0,"href":"https:\/\/stoic-curie.212-227-153-4.plesk.page\/hr\/wp-json\/wp\/v2\/product\/3687082\/revisions"}],"wp:featuredmedia":[{"embeddable":true,"href":"https:\/\/stoic-curie.212-227-153-4.plesk.page\/hr\/wp-json\/wp\/v2\/media\/5937234"}],"wp:attachment":[{"href":"https:\/\/stoic-curie.212-227-153-4.plesk.page\/hr\/wp-json\/wp\/v2\/media?parent=3687082"}],"wp:term":[{"taxonomy":"product_brand","embeddable":true,"href":"https:\/\/stoic-curie.212-227-153-4.plesk.page\/hr\/wp-json\/wp\/v2\/product_brand?post=3687082"},{"taxonomy":"product_cat","embeddable":true,"href":"https:\/\/stoic-curie.212-227-153-4.plesk.page\/hr\/wp-json\/wp\/v2\/product_cat?post=3687082"},{"taxonomy":"product_tag","embeddable":true,"href":"https:\/\/stoic-curie.212-227-153-4.plesk.page\/hr\/wp-json\/wp\/v2\/product_tag?post=3687082"}],"curies":[{"name":"wp","href":"https:\/\/api.w.org\/{rel}","templated":true}]}}