{"id":3687088,"date":"2025-10-13T13:28:25","date_gmt":"2025-10-13T17:28:25","guid":{"rendered":"https:\/\/stoic-curie.212-227-153-4.plesk.page\/product\/yanmar-atf-tekucina-220-hidraulicko-ulje-za-prijenos-1lt\/"},"modified":"2026-02-25T00:00:38","modified_gmt":"2026-02-25T00:00:38","slug":"yanmar-atf-tekucina-220-hidraulicko-ulje-za-prijenos-1lt","status":"publish","type":"product","link":"https:\/\/stoic-curie.212-227-153-4.plesk.page\/hr\/product\/yanmar-atf-tekucina-220-hidraulicko-ulje-za-prijenos-1lt\/","title":{"rendered":"Yanmar ATF teku\u0107ina 220 hidrauli\u010dko ulje za prijenos 1LT"},"content":{"rendered":"<p>Yanmar ATF teku\u0107ina 220 hidrauli\u010dko ulje za prijenos 1LT &#8211; <\/p>\n<p>Yanmar ATF Fluid 220 hidrauli\u010dno ulje za mjenja\u010de.<\/p>\n","protected":false},"excerpt":{"rendered":"<p>Yanmar ATF teku\u0107ina 220 hidrauli\u010dko ulje za prijenos 1LT &#8211; Yanmar ATF Fluid 220 hidrauli\u010dno ulje za mjenja\u010de.<\/p>\n","protected":false},"featured_media":5937239,"comment_status":"closed","ping_status":"closed","template":"","meta":[],"product_brand":[3226],"product_cat":[1795,1816,1802],"product_tag":[],"class_list":{"0":"post-3687088","1":"product","2":"type-product","3":"status-publish","4":"has-post-thumbnail","6":"product_brand-orbitrade-marine-hr","7":"product_cat-brodska-maziva","8":"product_cat-rezervni-dijelovi-za-motore-yanmar","9":"product_cat-ulje-brodskog-motora","11":"first","12":"instock","13":"shipping-taxable","14":"purchasable","15":"product-type-simple"},"_links":{"self":[{"href":"https:\/\/stoic-curie.212-227-153-4.plesk.page\/hr\/wp-json\/wp\/v2\/product\/3687088","targetHints":{"allow":["GET"]}}],"collection":[{"href":"https:\/\/stoic-curie.212-227-153-4.plesk.page\/hr\/wp-json\/wp\/v2\/product"}],"about":[{"href":"https:\/\/stoic-curie.212-227-153-4.plesk.page\/hr\/wp-json\/wp\/v2\/types\/product"}],"replies":[{"embeddable":true,"href":"https:\/\/stoic-curie.212-227-153-4.plesk.page\/hr\/wp-json\/wp\/v2\/comments?post=3687088"}],"version-history":[{"count":0,"href":"https:\/\/stoic-curie.212-227-153-4.plesk.page\/hr\/wp-json\/wp\/v2\/product\/3687088\/revisions"}],"wp:featuredmedia":[{"embeddable":true,"href":"https:\/\/stoic-curie.212-227-153-4.plesk.page\/hr\/wp-json\/wp\/v2\/media\/5937239"}],"wp:attachment":[{"href":"https:\/\/stoic-curie.212-227-153-4.plesk.page\/hr\/wp-json\/wp\/v2\/media?parent=3687088"}],"wp:term":[{"taxonomy":"product_brand","embeddable":true,"href":"https:\/\/stoic-curie.212-227-153-4.plesk.page\/hr\/wp-json\/wp\/v2\/product_brand?post=3687088"},{"taxonomy":"product_cat","embeddable":true,"href":"https:\/\/stoic-curie.212-227-153-4.plesk.page\/hr\/wp-json\/wp\/v2\/product_cat?post=3687088"},{"taxonomy":"product_tag","embeddable":true,"href":"https:\/\/stoic-curie.212-227-153-4.plesk.page\/hr\/wp-json\/wp\/v2\/product_tag?post=3687088"}],"curies":[{"name":"wp","href":"https:\/\/api.w.org\/{rel}","templated":true}]}}