{"id":3687091,"date":"2025-10-13T13:28:26","date_gmt":"2025-10-13T17:28:26","guid":{"rendered":"https:\/\/stoic-curie.212-227-153-4.plesk.page\/product\/star-brite-view-guard-cistac-za-stakla-650-ml\/"},"modified":"2026-02-25T00:00:38","modified_gmt":"2026-02-25T00:00:38","slug":"star-brite-view-guard-cistac-za-stakla-650-ml","status":"publish","type":"product","link":"https:\/\/stoic-curie.212-227-153-4.plesk.page\/hr\/product\/star-brite-view-guard-cistac-za-stakla-650-ml\/","title":{"rendered":"Star Brite &#8220;View Guard&#8221; \u010dista\u010d za stakla 650 ml"},"content":{"rendered":"<p>Star Brite &#8220;View Guard&#8221; \u010dista\u010d za stakla 650 ml &#8211; <\/p>\n<p>\u2022 Odbija prskanje i ki\u0161u kako bi pobolj\u0161ao vidljivost prozirnih plasti\u010dnih ku\u0107i\u0161ta u vla\u017enim uvjetima i uklanja prljav\u0161tinu, sol i zemlju. \u2022 Nje\u017eno \u010disti prozirne plasti\u010dne povr\u0161ine. \u2022 \u010cisti i osigurava UV za\u0161titu za sve prozirne plasti\u010dne povr\u0161ine.<\/p>\n","protected":false},"excerpt":{"rendered":"<p>Star Brite &#8220;View Guard&#8221; \u010dista\u010d za stakla 650 ml &#8211; \u2022 Odbija prskanje i ki\u0161u kako bi pobolj\u0161ao vidljivost prozirnih<\/p>\n","protected":false},"featured_media":5937248,"comment_status":"closed","ping_status":"closed","template":"","meta":[],"product_brand":[3436],"product_cat":[1628],"product_tag":[],"class_list":{"0":"post-3687091","1":"product","2":"type-product","3":"status-publish","4":"has-post-thumbnail","6":"product_brand-starbrite-hr","7":"product_cat-proizvodi-za-ciscenje","9":"first","10":"instock","11":"shipping-taxable","12":"purchasable","13":"product-type-simple"},"_links":{"self":[{"href":"https:\/\/stoic-curie.212-227-153-4.plesk.page\/hr\/wp-json\/wp\/v2\/product\/3687091","targetHints":{"allow":["GET"]}}],"collection":[{"href":"https:\/\/stoic-curie.212-227-153-4.plesk.page\/hr\/wp-json\/wp\/v2\/product"}],"about":[{"href":"https:\/\/stoic-curie.212-227-153-4.plesk.page\/hr\/wp-json\/wp\/v2\/types\/product"}],"replies":[{"embeddable":true,"href":"https:\/\/stoic-curie.212-227-153-4.plesk.page\/hr\/wp-json\/wp\/v2\/comments?post=3687091"}],"version-history":[{"count":0,"href":"https:\/\/stoic-curie.212-227-153-4.plesk.page\/hr\/wp-json\/wp\/v2\/product\/3687091\/revisions"}],"wp:featuredmedia":[{"embeddable":true,"href":"https:\/\/stoic-curie.212-227-153-4.plesk.page\/hr\/wp-json\/wp\/v2\/media\/5937248"}],"wp:attachment":[{"href":"https:\/\/stoic-curie.212-227-153-4.plesk.page\/hr\/wp-json\/wp\/v2\/media?parent=3687091"}],"wp:term":[{"taxonomy":"product_brand","embeddable":true,"href":"https:\/\/stoic-curie.212-227-153-4.plesk.page\/hr\/wp-json\/wp\/v2\/product_brand?post=3687091"},{"taxonomy":"product_cat","embeddable":true,"href":"https:\/\/stoic-curie.212-227-153-4.plesk.page\/hr\/wp-json\/wp\/v2\/product_cat?post=3687091"},{"taxonomy":"product_tag","embeddable":true,"href":"https:\/\/stoic-curie.212-227-153-4.plesk.page\/hr\/wp-json\/wp\/v2\/product_tag?post=3687091"}],"curies":[{"name":"wp","href":"https:\/\/api.w.org\/{rel}","templated":true}]}}