{"id":3687093,"date":"2025-10-13T13:28:26","date_gmt":"2025-10-13T17:28:26","guid":{"rendered":"https:\/\/stoic-curie.212-227-153-4.plesk.page\/product\/svjetlo-za-pojas-za-spasavanje-s-automatskom-aktivacijom\/"},"modified":"2026-02-25T00:00:38","modified_gmt":"2026-02-25T00:00:38","slug":"svjetlo-za-pojas-za-spasavanje-s-automatskom-aktivacijom","status":"publish","type":"product","link":"https:\/\/stoic-curie.212-227-153-4.plesk.page\/hr\/product\/svjetlo-za-pojas-za-spasavanje-s-automatskom-aktivacijom\/","title":{"rendered":"Svjetlo za pojas za spa\u0161avanje s automatskom aktivacijom"},"content":{"rendered":"<p>Svjetlo za pojas za spa\u0161avanje s automatskom aktivacijom &#8211; <\/p>\n<p>Signalizacijska bojka s automatskim paljenjem u kontaktu sa slanom vodom. Svjetlo se pali kada jedinica do\u0111e u kontakt s vodom. Elektri\u010dni krug i baterije su za\u0161ti\u0107eni i zape\u010da\u0107eni u poliuretanskoj pjeni. Uklju\u010dene litij baterije imaju vijek trajanja od 5 godina. U skladu s SOLAS pravilnicima i europskom direktivom M.E.D. 96\/98\/CE. Ispunjava propise o pomorskoj i rekreativnoj plovidbi.<\/p>\n","protected":false},"excerpt":{"rendered":"<p>Svjetlo za pojas za spa\u0161avanje s automatskom aktivacijom &#8211; Signalizacijska bojka s automatskim paljenjem u kontaktu sa slanom vodom. Svjetlo<\/p>\n","protected":false},"featured_media":5937250,"comment_status":"closed","ping_status":"closed","template":"","meta":[],"product_brand":[3211],"product_cat":[1604],"product_tag":[],"class_list":{"0":"post-3687093","1":"product","2":"type-product","3":"status-publish","4":"has-post-thumbnail","6":"product_brand-nuova-rade-hr","7":"product_cat-pojasevi-za-spasavanje-i-remenje","9":"first","10":"instock","11":"shipping-taxable","12":"purchasable","13":"product-type-simple"},"_links":{"self":[{"href":"https:\/\/stoic-curie.212-227-153-4.plesk.page\/hr\/wp-json\/wp\/v2\/product\/3687093","targetHints":{"allow":["GET"]}}],"collection":[{"href":"https:\/\/stoic-curie.212-227-153-4.plesk.page\/hr\/wp-json\/wp\/v2\/product"}],"about":[{"href":"https:\/\/stoic-curie.212-227-153-4.plesk.page\/hr\/wp-json\/wp\/v2\/types\/product"}],"replies":[{"embeddable":true,"href":"https:\/\/stoic-curie.212-227-153-4.plesk.page\/hr\/wp-json\/wp\/v2\/comments?post=3687093"}],"version-history":[{"count":0,"href":"https:\/\/stoic-curie.212-227-153-4.plesk.page\/hr\/wp-json\/wp\/v2\/product\/3687093\/revisions"}],"wp:featuredmedia":[{"embeddable":true,"href":"https:\/\/stoic-curie.212-227-153-4.plesk.page\/hr\/wp-json\/wp\/v2\/media\/5937250"}],"wp:attachment":[{"href":"https:\/\/stoic-curie.212-227-153-4.plesk.page\/hr\/wp-json\/wp\/v2\/media?parent=3687093"}],"wp:term":[{"taxonomy":"product_brand","embeddable":true,"href":"https:\/\/stoic-curie.212-227-153-4.plesk.page\/hr\/wp-json\/wp\/v2\/product_brand?post=3687093"},{"taxonomy":"product_cat","embeddable":true,"href":"https:\/\/stoic-curie.212-227-153-4.plesk.page\/hr\/wp-json\/wp\/v2\/product_cat?post=3687093"},{"taxonomy":"product_tag","embeddable":true,"href":"https:\/\/stoic-curie.212-227-153-4.plesk.page\/hr\/wp-json\/wp\/v2\/product_tag?post=3687093"}],"curies":[{"name":"wp","href":"https:\/\/api.w.org\/{rel}","templated":true}]}}