{"id":3687095,"date":"2025-10-13T13:28:27","date_gmt":"2025-10-13T17:28:27","guid":{"rendered":"https:\/\/stoic-curie.212-227-153-4.plesk.page\/product\/starbrite-teak-oil-sealer-tropical-500ml\/"},"modified":"2026-02-25T00:00:38","modified_gmt":"2026-02-25T00:00:38","slug":"starbrite-teak-oil-sealer-tropical-500ml","status":"publish","type":"product","link":"https:\/\/stoic-curie.212-227-153-4.plesk.page\/hr\/product\/starbrite-teak-oil-sealer-tropical-500ml\/","title":{"rendered":"Starbrite Teak Oil Sealer Tropical 500ml"},"content":{"rendered":"<p>Starbrite Teak Oil Sealer Tropical 500ml &#8211; <\/p>\n<p>\u2022 Tropska teak uljasta za\u0161titna sredstva koja \u0107e trajati du\u017ee od bilo kojeg drugog ulja ili sredstva.<br \/>\u2022 Nema kapanja, nema prskanja formule.<br \/>\u2022 \u0161titi od ultraljubi\u010dastih zraka.<br \/>\u2022 Dugotrajno, prodire duboko za potpunu za\u0161titu.<br \/>\u2022 Potrebna je samo jedna za\u0161tita.<\/p>\n","protected":false},"excerpt":{"rendered":"<p>Starbrite Teak Oil Sealer Tropical 500ml &#8211; \u2022 Tropska teak uljasta za\u0161titna sredstva koja \u0107e trajati du\u017ee od bilo kojeg<\/p>\n","protected":false},"featured_media":5937252,"comment_status":"closed","ping_status":"closed","template":"","meta":[],"product_brand":[3436],"product_cat":[1625],"product_tag":[],"class_list":{"0":"post-3687095","1":"product","2":"type-product","3":"status-publish","4":"has-post-thumbnail","6":"product_brand-starbrite-hr","7":"product_cat-brodski-lak-i-ulje-za-tikovinu","9":"first","10":"instock","11":"shipping-taxable","12":"purchasable","13":"product-type-simple"},"_links":{"self":[{"href":"https:\/\/stoic-curie.212-227-153-4.plesk.page\/hr\/wp-json\/wp\/v2\/product\/3687095","targetHints":{"allow":["GET"]}}],"collection":[{"href":"https:\/\/stoic-curie.212-227-153-4.plesk.page\/hr\/wp-json\/wp\/v2\/product"}],"about":[{"href":"https:\/\/stoic-curie.212-227-153-4.plesk.page\/hr\/wp-json\/wp\/v2\/types\/product"}],"replies":[{"embeddable":true,"href":"https:\/\/stoic-curie.212-227-153-4.plesk.page\/hr\/wp-json\/wp\/v2\/comments?post=3687095"}],"version-history":[{"count":0,"href":"https:\/\/stoic-curie.212-227-153-4.plesk.page\/hr\/wp-json\/wp\/v2\/product\/3687095\/revisions"}],"wp:featuredmedia":[{"embeddable":true,"href":"https:\/\/stoic-curie.212-227-153-4.plesk.page\/hr\/wp-json\/wp\/v2\/media\/5937252"}],"wp:attachment":[{"href":"https:\/\/stoic-curie.212-227-153-4.plesk.page\/hr\/wp-json\/wp\/v2\/media?parent=3687095"}],"wp:term":[{"taxonomy":"product_brand","embeddable":true,"href":"https:\/\/stoic-curie.212-227-153-4.plesk.page\/hr\/wp-json\/wp\/v2\/product_brand?post=3687095"},{"taxonomy":"product_cat","embeddable":true,"href":"https:\/\/stoic-curie.212-227-153-4.plesk.page\/hr\/wp-json\/wp\/v2\/product_cat?post=3687095"},{"taxonomy":"product_tag","embeddable":true,"href":"https:\/\/stoic-curie.212-227-153-4.plesk.page\/hr\/wp-json\/wp\/v2\/product_tag?post=3687095"}],"curies":[{"name":"wp","href":"https:\/\/api.w.org\/{rel}","templated":true}]}}