{"id":3687102,"date":"2025-10-13T13:28:29","date_gmt":"2025-10-13T17:28:29","guid":{"rendered":"https:\/\/stoic-curie.212-227-153-4.plesk.page\/product\/ravni-skopac-titan-hr-d16\/"},"modified":"2026-02-25T00:00:38","modified_gmt":"2026-02-25T00:00:38","slug":"ravni-skopac-titan-hr-d16","status":"publish","type":"product","link":"https:\/\/stoic-curie.212-227-153-4.plesk.page\/hr\/product\/ravni-skopac-titan-hr-d16\/","title":{"rendered":"Ravni \u0161kopac TITAN HR D16"},"content":{"rendered":"<p>Ravni \u0161kopac TITAN HR D16 &#8211; <\/p>\n<p>Kovanac od vru\u0107e pocin\u010danog \u010delika u obliku slova D, siguran \u010dak i pri visokim optere\u0107enjima. CE EN13889:2003+A1:2008 certifikovan sa radnim optere\u0107enjem otisnutim na spojnom \u010dlanu. Napomena: optere\u0107enje loma je otprilike 6 puta radno optere\u0107enje.<\/p>\n","protected":false},"excerpt":{"rendered":"<p>Ravni \u0161kopac TITAN HR D16 &#8211; Kovanac od vru\u0107e pocin\u010danog \u010delika u obliku slova D, siguran \u010dak i pri visokim<\/p>\n","protected":false},"featured_media":5937274,"comment_status":"closed","ping_status":"closed","template":"","meta":[],"product_brand":[3086],"product_cat":[1693],"product_tag":[],"class_list":{"0":"post-3687102","1":"product","2":"type-product","3":"status-publish","4":"has-post-thumbnail","6":"product_brand-maggigroup-hr","7":"product_cat-okovi-od-nehrdajuceg-celika","9":"first","10":"instock","11":"shipping-taxable","12":"purchasable","13":"product-type-simple"},"_links":{"self":[{"href":"https:\/\/stoic-curie.212-227-153-4.plesk.page\/hr\/wp-json\/wp\/v2\/product\/3687102","targetHints":{"allow":["GET"]}}],"collection":[{"href":"https:\/\/stoic-curie.212-227-153-4.plesk.page\/hr\/wp-json\/wp\/v2\/product"}],"about":[{"href":"https:\/\/stoic-curie.212-227-153-4.plesk.page\/hr\/wp-json\/wp\/v2\/types\/product"}],"replies":[{"embeddable":true,"href":"https:\/\/stoic-curie.212-227-153-4.plesk.page\/hr\/wp-json\/wp\/v2\/comments?post=3687102"}],"version-history":[{"count":0,"href":"https:\/\/stoic-curie.212-227-153-4.plesk.page\/hr\/wp-json\/wp\/v2\/product\/3687102\/revisions"}],"wp:featuredmedia":[{"embeddable":true,"href":"https:\/\/stoic-curie.212-227-153-4.plesk.page\/hr\/wp-json\/wp\/v2\/media\/5937274"}],"wp:attachment":[{"href":"https:\/\/stoic-curie.212-227-153-4.plesk.page\/hr\/wp-json\/wp\/v2\/media?parent=3687102"}],"wp:term":[{"taxonomy":"product_brand","embeddable":true,"href":"https:\/\/stoic-curie.212-227-153-4.plesk.page\/hr\/wp-json\/wp\/v2\/product_brand?post=3687102"},{"taxonomy":"product_cat","embeddable":true,"href":"https:\/\/stoic-curie.212-227-153-4.plesk.page\/hr\/wp-json\/wp\/v2\/product_cat?post=3687102"},{"taxonomy":"product_tag","embeddable":true,"href":"https:\/\/stoic-curie.212-227-153-4.plesk.page\/hr\/wp-json\/wp\/v2\/product_tag?post=3687102"}],"curies":[{"name":"wp","href":"https:\/\/api.w.org\/{rel}","templated":true}]}}