{"id":3687103,"date":"2025-10-13T13:28:29","date_gmt":"2025-10-13T17:28:29","guid":{"rendered":"https:\/\/stoic-curie.212-227-153-4.plesk.page\/product\/ravni-skopac-titan-hr-d19\/"},"modified":"2026-02-25T00:00:38","modified_gmt":"2026-02-25T00:00:38","slug":"ravni-skopac-titan-hr-d19","status":"publish","type":"product","link":"https:\/\/stoic-curie.212-227-153-4.plesk.page\/hr\/product\/ravni-skopac-titan-hr-d19\/","title":{"rendered":"Ravni \u0161kopac TITAN HR D19"},"content":{"rendered":"<p>Ravni \u0161kopac TITAN HR D19 &#8211; <\/p>\n<p>Forgirani \u010deli\u010dni Dee spoj, pocin\u010dan vru\u0107im postupkom, siguran \u010dak i pri visokim optere\u0107enjima. CE EN13889:2003+A1:2008 certificiran s radnim optere\u0107enjem otisnutim na spojnici. Napomena: otpornost na lom je otprilike 6 puta ve\u0107a od radnog optere\u0107enja.<\/p>\n","protected":false},"excerpt":{"rendered":"<p>Ravni \u0161kopac TITAN HR D19 &#8211; Forgirani \u010deli\u010dni Dee spoj, pocin\u010dan vru\u0107im postupkom, siguran \u010dak i pri visokim optere\u0107enjima. CE<\/p>\n","protected":false},"featured_media":5937274,"comment_status":"closed","ping_status":"closed","template":"","meta":[],"product_brand":[3086],"product_cat":[1693],"product_tag":[],"class_list":{"0":"post-3687103","1":"product","2":"type-product","3":"status-publish","4":"has-post-thumbnail","6":"product_brand-maggigroup-hr","7":"product_cat-okovi-od-nehrdajuceg-celika","9":"first","10":"instock","11":"shipping-taxable","12":"purchasable","13":"product-type-simple"},"_links":{"self":[{"href":"https:\/\/stoic-curie.212-227-153-4.plesk.page\/hr\/wp-json\/wp\/v2\/product\/3687103","targetHints":{"allow":["GET"]}}],"collection":[{"href":"https:\/\/stoic-curie.212-227-153-4.plesk.page\/hr\/wp-json\/wp\/v2\/product"}],"about":[{"href":"https:\/\/stoic-curie.212-227-153-4.plesk.page\/hr\/wp-json\/wp\/v2\/types\/product"}],"replies":[{"embeddable":true,"href":"https:\/\/stoic-curie.212-227-153-4.plesk.page\/hr\/wp-json\/wp\/v2\/comments?post=3687103"}],"version-history":[{"count":0,"href":"https:\/\/stoic-curie.212-227-153-4.plesk.page\/hr\/wp-json\/wp\/v2\/product\/3687103\/revisions"}],"wp:featuredmedia":[{"embeddable":true,"href":"https:\/\/stoic-curie.212-227-153-4.plesk.page\/hr\/wp-json\/wp\/v2\/media\/5937274"}],"wp:attachment":[{"href":"https:\/\/stoic-curie.212-227-153-4.plesk.page\/hr\/wp-json\/wp\/v2\/media?parent=3687103"}],"wp:term":[{"taxonomy":"product_brand","embeddable":true,"href":"https:\/\/stoic-curie.212-227-153-4.plesk.page\/hr\/wp-json\/wp\/v2\/product_brand?post=3687103"},{"taxonomy":"product_cat","embeddable":true,"href":"https:\/\/stoic-curie.212-227-153-4.plesk.page\/hr\/wp-json\/wp\/v2\/product_cat?post=3687103"},{"taxonomy":"product_tag","embeddable":true,"href":"https:\/\/stoic-curie.212-227-153-4.plesk.page\/hr\/wp-json\/wp\/v2\/product_tag?post=3687103"}],"curies":[{"name":"wp","href":"https:\/\/api.w.org\/{rel}","templated":true}]}}