{"id":3687108,"date":"2025-10-13T13:28:30","date_gmt":"2025-10-13T17:28:30","guid":{"rendered":"https:\/\/stoic-curie.212-227-153-4.plesk.page\/product\/titan-omega-skopac-d6\/"},"modified":"2026-02-25T00:00:38","modified_gmt":"2026-02-25T00:00:38","slug":"titan-omega-skopac-d6","status":"publish","type":"product","link":"https:\/\/stoic-curie.212-227-153-4.plesk.page\/hr\/product\/titan-omega-skopac-d6\/","title":{"rendered":"Titan omega \u0161kopac D6"},"content":{"rendered":"<p>Titan omega \u0161kopac D6 &#8211; <\/p>\n<p>Forgirani \u010deli\u010dni kuku \u0161akla, toplinski pocin\u010dan, siguran \u010dak i pri visokim optere\u0107enjima. CE EN13889:2003+A1:2008 certificiran s radnim optere\u0107enjem otisnutim na \u0161akli. Napomena: optere\u0107enje loma je otprilike \u0161est puta ve\u0107e od radnog optere\u0107enja.<\/p>\n","protected":false},"excerpt":{"rendered":"<p>Titan omega \u0161kopac D6 &#8211; Forgirani \u010deli\u010dni kuku \u0161akla, toplinski pocin\u010dan, siguran \u010dak i pri visokim optere\u0107enjima. CE EN13889:2003+A1:2008 certificiran<\/p>\n","protected":false},"featured_media":5937275,"comment_status":"closed","ping_status":"closed","template":"","meta":[],"product_brand":[3086],"product_cat":[1693],"product_tag":[],"class_list":{"0":"post-3687108","1":"product","2":"type-product","3":"status-publish","4":"has-post-thumbnail","6":"product_brand-maggigroup-hr","7":"product_cat-okovi-od-nehrdajuceg-celika","9":"first","10":"instock","11":"shipping-taxable","12":"purchasable","13":"product-type-simple"},"_links":{"self":[{"href":"https:\/\/stoic-curie.212-227-153-4.plesk.page\/hr\/wp-json\/wp\/v2\/product\/3687108","targetHints":{"allow":["GET"]}}],"collection":[{"href":"https:\/\/stoic-curie.212-227-153-4.plesk.page\/hr\/wp-json\/wp\/v2\/product"}],"about":[{"href":"https:\/\/stoic-curie.212-227-153-4.plesk.page\/hr\/wp-json\/wp\/v2\/types\/product"}],"replies":[{"embeddable":true,"href":"https:\/\/stoic-curie.212-227-153-4.plesk.page\/hr\/wp-json\/wp\/v2\/comments?post=3687108"}],"version-history":[{"count":0,"href":"https:\/\/stoic-curie.212-227-153-4.plesk.page\/hr\/wp-json\/wp\/v2\/product\/3687108\/revisions"}],"wp:featuredmedia":[{"embeddable":true,"href":"https:\/\/stoic-curie.212-227-153-4.plesk.page\/hr\/wp-json\/wp\/v2\/media\/5937275"}],"wp:attachment":[{"href":"https:\/\/stoic-curie.212-227-153-4.plesk.page\/hr\/wp-json\/wp\/v2\/media?parent=3687108"}],"wp:term":[{"taxonomy":"product_brand","embeddable":true,"href":"https:\/\/stoic-curie.212-227-153-4.plesk.page\/hr\/wp-json\/wp\/v2\/product_brand?post=3687108"},{"taxonomy":"product_cat","embeddable":true,"href":"https:\/\/stoic-curie.212-227-153-4.plesk.page\/hr\/wp-json\/wp\/v2\/product_cat?post=3687108"},{"taxonomy":"product_tag","embeddable":true,"href":"https:\/\/stoic-curie.212-227-153-4.plesk.page\/hr\/wp-json\/wp\/v2\/product_tag?post=3687108"}],"curies":[{"name":"wp","href":"https:\/\/api.w.org\/{rel}","templated":true}]}}