{"id":3687124,"date":"2025-10-13T13:28:34","date_gmt":"2025-10-13T17:28:34","guid":{"rendered":"https:\/\/stoic-curie.212-227-153-4.plesk.page\/product\/inspekcijski-otvori-saralon-254-mm\/"},"modified":"2026-02-25T00:00:38","modified_gmt":"2026-02-25T00:00:38","slug":"inspekcijski-otvori-saralon-254-mm","status":"publish","type":"product","link":"https:\/\/stoic-curie.212-227-153-4.plesk.page\/hr\/product\/inspekcijski-otvori-saralon-254-mm\/","title":{"rendered":"Inspekcijski otvori Saralon 254 mm"},"content":{"rendered":"<p>Inspekcijski otvori Saralon 254 mm &#8211; <\/p>\n<p>Gotovo nezdestroyiva inspekcijska plo\u010da od Saralon polipropilena. Otporna na udarce, nije podlo\u017ena UV zra\u010denju, otapalima i gorivima. Vodootporna s tlakom zatvaranja.<\/p>\n","protected":false},"excerpt":{"rendered":"<p>Inspekcijski otvori Saralon 254 mm &#8211; Gotovo nezdestroyiva inspekcijska plo\u010da od Saralon polipropilena. Otporna na udarce, nije podlo\u017ena UV zra\u010denju,<\/p>\n","protected":false},"featured_media":5937310,"comment_status":"closed","ping_status":"closed","template":"","meta":[],"product_brand":[3036],"product_cat":[1695,1684],"product_tag":[],"class_list":{"0":"post-3687124","1":"product","2":"type-product","3":"status-publish","4":"has-post-thumbnail","6":"product_brand-jba-marine-hr","7":"product_cat-brodski-plasticni-otvori","8":"product_cat-inspekcijski-otvori","10":"first","11":"instock","12":"shipping-taxable","13":"purchasable","14":"product-type-simple"},"_links":{"self":[{"href":"https:\/\/stoic-curie.212-227-153-4.plesk.page\/hr\/wp-json\/wp\/v2\/product\/3687124","targetHints":{"allow":["GET"]}}],"collection":[{"href":"https:\/\/stoic-curie.212-227-153-4.plesk.page\/hr\/wp-json\/wp\/v2\/product"}],"about":[{"href":"https:\/\/stoic-curie.212-227-153-4.plesk.page\/hr\/wp-json\/wp\/v2\/types\/product"}],"replies":[{"embeddable":true,"href":"https:\/\/stoic-curie.212-227-153-4.plesk.page\/hr\/wp-json\/wp\/v2\/comments?post=3687124"}],"version-history":[{"count":0,"href":"https:\/\/stoic-curie.212-227-153-4.plesk.page\/hr\/wp-json\/wp\/v2\/product\/3687124\/revisions"}],"wp:featuredmedia":[{"embeddable":true,"href":"https:\/\/stoic-curie.212-227-153-4.plesk.page\/hr\/wp-json\/wp\/v2\/media\/5937310"}],"wp:attachment":[{"href":"https:\/\/stoic-curie.212-227-153-4.plesk.page\/hr\/wp-json\/wp\/v2\/media?parent=3687124"}],"wp:term":[{"taxonomy":"product_brand","embeddable":true,"href":"https:\/\/stoic-curie.212-227-153-4.plesk.page\/hr\/wp-json\/wp\/v2\/product_brand?post=3687124"},{"taxonomy":"product_cat","embeddable":true,"href":"https:\/\/stoic-curie.212-227-153-4.plesk.page\/hr\/wp-json\/wp\/v2\/product_cat?post=3687124"},{"taxonomy":"product_tag","embeddable":true,"href":"https:\/\/stoic-curie.212-227-153-4.plesk.page\/hr\/wp-json\/wp\/v2\/product_tag?post=3687124"}],"curies":[{"name":"wp","href":"https:\/\/api.w.org\/{rel}","templated":true}]}}