{"id":3687126,"date":"2025-10-13T13:28:35","date_gmt":"2025-10-13T17:28:35","guid":{"rendered":"https:\/\/stoic-curie.212-227-153-4.plesk.page\/product\/kaljuzni-ventilator-attwood-za-strojarnice-turbo4000-12v\/"},"modified":"2026-02-25T00:00:40","modified_gmt":"2026-02-25T00:00:40","slug":"kaljuzni-ventilator-attwood-za-strojarnice-turbo4000-12v","status":"publish","type":"product","link":"https:\/\/stoic-curie.212-227-153-4.plesk.page\/hr\/product\/kaljuzni-ventilator-attwood-za-strojarnice-turbo4000-12v\/","title":{"rendered":"Kalju\u017eni ventilator Attwood za strojarnice TURBO4000 12V"},"content":{"rendered":"<p>Kalju\u017eni ventilator Attwood za strojarnice TURBO4000 12V &#8211; <\/p>\n<p>Turbo unutarnji vodootporni ventilatori za strojarne i kabine. Uklju\u010duje 2 vezne trake. Ventilatori su dizajnirani tako da pru\u017eaju 25% vi\u0161e protoka zraka od drugih ventilatora, koriste\u0107i 40% manje energije. Motor s niklovim premazom s kapicom i zape\u010da\u0107enom elektri\u010dnom instalacijom za potpunu za\u0161titu od korozije.<\/p>\n","protected":false},"excerpt":{"rendered":"<p>Kalju\u017eni ventilator Attwood za strojarnice TURBO4000 12V &#8211; Turbo unutarnji vodootporni ventilatori za strojarne i kabine. Uklju\u010duje 2 vezne trake.<\/p>\n","protected":false},"featured_media":5937324,"comment_status":"closed","ping_status":"closed","template":"","meta":[],"product_brand":[2806],"product_cat":[1826,1732],"product_tag":[],"class_list":{"0":"post-3687126","1":"product","2":"type-product","3":"status-publish","4":"has-post-thumbnail","6":"product_brand-attwood-hr","7":"product_cat-sustavi-odzracivanja-motora","8":"product_cat-ventilatori-za-provjetravanje-kaljuze","10":"first","11":"instock","12":"shipping-taxable","13":"purchasable","14":"product-type-simple"},"_links":{"self":[{"href":"https:\/\/stoic-curie.212-227-153-4.plesk.page\/hr\/wp-json\/wp\/v2\/product\/3687126","targetHints":{"allow":["GET"]}}],"collection":[{"href":"https:\/\/stoic-curie.212-227-153-4.plesk.page\/hr\/wp-json\/wp\/v2\/product"}],"about":[{"href":"https:\/\/stoic-curie.212-227-153-4.plesk.page\/hr\/wp-json\/wp\/v2\/types\/product"}],"replies":[{"embeddable":true,"href":"https:\/\/stoic-curie.212-227-153-4.plesk.page\/hr\/wp-json\/wp\/v2\/comments?post=3687126"}],"version-history":[{"count":0,"href":"https:\/\/stoic-curie.212-227-153-4.plesk.page\/hr\/wp-json\/wp\/v2\/product\/3687126\/revisions"}],"wp:featuredmedia":[{"embeddable":true,"href":"https:\/\/stoic-curie.212-227-153-4.plesk.page\/hr\/wp-json\/wp\/v2\/media\/5937324"}],"wp:attachment":[{"href":"https:\/\/stoic-curie.212-227-153-4.plesk.page\/hr\/wp-json\/wp\/v2\/media?parent=3687126"}],"wp:term":[{"taxonomy":"product_brand","embeddable":true,"href":"https:\/\/stoic-curie.212-227-153-4.plesk.page\/hr\/wp-json\/wp\/v2\/product_brand?post=3687126"},{"taxonomy":"product_cat","embeddable":true,"href":"https:\/\/stoic-curie.212-227-153-4.plesk.page\/hr\/wp-json\/wp\/v2\/product_cat?post=3687126"},{"taxonomy":"product_tag","embeddable":true,"href":"https:\/\/stoic-curie.212-227-153-4.plesk.page\/hr\/wp-json\/wp\/v2\/product_tag?post=3687126"}],"curies":[{"name":"wp","href":"https:\/\/api.w.org\/{rel}","templated":true}]}}