{"id":3687142,"date":"2025-10-13T13:28:39","date_gmt":"2025-10-13T17:28:39","guid":{"rendered":"https:\/\/stoic-curie.212-227-153-4.plesk.page\/product\/fleksibilna-siva-i-crna-zastitna-cijev-d50x120cm\/"},"modified":"2026-02-25T00:00:40","modified_gmt":"2026-02-25T00:00:40","slug":"fleksibilna-siva-i-crna-zastitna-cijev-d50x120cm","status":"publish","type":"product","link":"https:\/\/stoic-curie.212-227-153-4.plesk.page\/hr\/product\/fleksibilna-siva-i-crna-zastitna-cijev-d50x120cm\/","title":{"rendered":"Fleksibilna siva i crna za\u0161titna cijev D50x120cm"},"content":{"rendered":"<p>Fleksibilna siva i crna za\u0161titna cijev D50x120cm &#8211; <\/p>\n<p>Helix spirala cijev za prolaz za fleksibilne kontrolne kabele, elektri\u010dna o\u017ei\u010denja i cijevi za gorivo. Maksimalni radijus zakrivljenosti 15 cm.<\/p>\n","protected":false},"excerpt":{"rendered":"<p>Fleksibilna siva i crna za\u0161titna cijev D50x120cm &#8211; Helix spirala cijev za prolaz za fleksibilne kontrolne kabele, elektri\u010dna o\u017ei\u010denja i<\/p>\n","protected":false},"featured_media":5937347,"comment_status":"closed","ping_status":"closed","template":"","meta":[],"product_brand":[3501],"product_cat":[1823,1828,1784],"product_tag":[],"class_list":{"0":"post-3687142","1":"product","2":"type-product","3":"status-publish","4":"has-post-thumbnail","6":"product_brand-ultraflex-uflex-hr","7":"product_cat-hidraulicno-kormilarenje","8":"product_cat-kormilarski-uredaji-sa-sajlom","9":"product_cat-morse-kabeli-za-upravljanje-motorom","11":"first","12":"instock","13":"shipping-taxable","14":"purchasable","15":"product-type-simple"},"_links":{"self":[{"href":"https:\/\/stoic-curie.212-227-153-4.plesk.page\/hr\/wp-json\/wp\/v2\/product\/3687142","targetHints":{"allow":["GET"]}}],"collection":[{"href":"https:\/\/stoic-curie.212-227-153-4.plesk.page\/hr\/wp-json\/wp\/v2\/product"}],"about":[{"href":"https:\/\/stoic-curie.212-227-153-4.plesk.page\/hr\/wp-json\/wp\/v2\/types\/product"}],"replies":[{"embeddable":true,"href":"https:\/\/stoic-curie.212-227-153-4.plesk.page\/hr\/wp-json\/wp\/v2\/comments?post=3687142"}],"version-history":[{"count":0,"href":"https:\/\/stoic-curie.212-227-153-4.plesk.page\/hr\/wp-json\/wp\/v2\/product\/3687142\/revisions"}],"wp:featuredmedia":[{"embeddable":true,"href":"https:\/\/stoic-curie.212-227-153-4.plesk.page\/hr\/wp-json\/wp\/v2\/media\/5937347"}],"wp:attachment":[{"href":"https:\/\/stoic-curie.212-227-153-4.plesk.page\/hr\/wp-json\/wp\/v2\/media?parent=3687142"}],"wp:term":[{"taxonomy":"product_brand","embeddable":true,"href":"https:\/\/stoic-curie.212-227-153-4.plesk.page\/hr\/wp-json\/wp\/v2\/product_brand?post=3687142"},{"taxonomy":"product_cat","embeddable":true,"href":"https:\/\/stoic-curie.212-227-153-4.plesk.page\/hr\/wp-json\/wp\/v2\/product_cat?post=3687142"},{"taxonomy":"product_tag","embeddable":true,"href":"https:\/\/stoic-curie.212-227-153-4.plesk.page\/hr\/wp-json\/wp\/v2\/product_tag?post=3687142"}],"curies":[{"name":"wp","href":"https:\/\/api.w.org\/{rel}","templated":true}]}}