{"id":3687153,"date":"2025-10-13T13:28:42","date_gmt":"2025-10-13T17:28:42","guid":{"rendered":"https:\/\/stoic-curie.212-227-153-4.plesk.page\/product\/kolo-kormila-riviera-vr00-280mm-plavo\/"},"modified":"2026-02-25T00:00:40","modified_gmt":"2026-02-25T00:00:40","slug":"kolo-kormila-riviera-vr00-280mm-plavo","status":"publish","type":"product","link":"https:\/\/stoic-curie.212-227-153-4.plesk.page\/hr\/product\/kolo-kormila-riviera-vr00-280mm-plavo\/","title":{"rendered":"Kolo kormila Riviera VR00 280mm, plavo"},"content":{"rendered":"<p>Kolo kormila Riviera VR00 280mm, plavo &#8211; <\/p>\n<p>Kompaktni upravlja\u010di od materijala koji nalikuje ko\u017ei, od termoplasti\u010dne antishock tvari s mekim dr\u017eanjem. ABS radijusi s karbon efektom. CE oznaka u skladu s EN i ABYC normama.<\/p>\n","protected":false},"excerpt":{"rendered":"<p>Kolo kormila Riviera VR00 280mm, plavo &#8211; Kompaktni upravlja\u010di od materijala koji nalikuje ko\u017ei, od termoplasti\u010dne antishock tvari s mekim<\/p>\n","protected":false},"featured_media":5937358,"comment_status":"closed","ping_status":"closed","template":"","meta":[],"product_brand":[3306],"product_cat":[1822],"product_tag":[],"class_list":{"0":"post-3687153","1":"product","2":"type-product","3":"status-publish","4":"has-post-thumbnail","6":"product_brand-riviera-hr","7":"product_cat-kola-kormila","9":"first","10":"instock","11":"shipping-taxable","12":"purchasable","13":"product-type-simple"},"_links":{"self":[{"href":"https:\/\/stoic-curie.212-227-153-4.plesk.page\/hr\/wp-json\/wp\/v2\/product\/3687153","targetHints":{"allow":["GET"]}}],"collection":[{"href":"https:\/\/stoic-curie.212-227-153-4.plesk.page\/hr\/wp-json\/wp\/v2\/product"}],"about":[{"href":"https:\/\/stoic-curie.212-227-153-4.plesk.page\/hr\/wp-json\/wp\/v2\/types\/product"}],"replies":[{"embeddable":true,"href":"https:\/\/stoic-curie.212-227-153-4.plesk.page\/hr\/wp-json\/wp\/v2\/comments?post=3687153"}],"version-history":[{"count":0,"href":"https:\/\/stoic-curie.212-227-153-4.plesk.page\/hr\/wp-json\/wp\/v2\/product\/3687153\/revisions"}],"wp:featuredmedia":[{"embeddable":true,"href":"https:\/\/stoic-curie.212-227-153-4.plesk.page\/hr\/wp-json\/wp\/v2\/media\/5937358"}],"wp:attachment":[{"href":"https:\/\/stoic-curie.212-227-153-4.plesk.page\/hr\/wp-json\/wp\/v2\/media?parent=3687153"}],"wp:term":[{"taxonomy":"product_brand","embeddable":true,"href":"https:\/\/stoic-curie.212-227-153-4.plesk.page\/hr\/wp-json\/wp\/v2\/product_brand?post=3687153"},{"taxonomy":"product_cat","embeddable":true,"href":"https:\/\/stoic-curie.212-227-153-4.plesk.page\/hr\/wp-json\/wp\/v2\/product_cat?post=3687153"},{"taxonomy":"product_tag","embeddable":true,"href":"https:\/\/stoic-curie.212-227-153-4.plesk.page\/hr\/wp-json\/wp\/v2\/product_tag?post=3687153"}],"curies":[{"name":"wp","href":"https:\/\/api.w.org\/{rel}","templated":true}]}}