{"id":3687154,"date":"2025-10-13T13:28:42","date_gmt":"2025-10-13T17:28:42","guid":{"rendered":"https:\/\/stoic-curie.212-227-153-4.plesk.page\/product\/brodski-oscilirajuci-ventilator-12v\/"},"modified":"2026-02-25T00:00:40","modified_gmt":"2026-02-25T00:00:40","slug":"brodski-oscilirajuci-ventilator-12v","status":"publish","type":"product","link":"https:\/\/stoic-curie.212-227-153-4.plesk.page\/hr\/product\/brodski-oscilirajuci-ventilator-12v\/","title":{"rendered":"Brodski osciliraju\u0107i ventilator 12V"},"content":{"rendered":"<p>Brodski osciliraju\u0107i ventilator 12V &#8211; <\/p>\n<p>Osciliraju\u0107i ventilator za monta\u017eu na stolu ili zidu. Napajanje putem uti\u010dnice za upalja\u010d za cigarete 12\/24V.<\/p>\n","protected":false},"excerpt":{"rendered":"<p>Brodski osciliraju\u0107i ventilator 12V &#8211; Osciliraju\u0107i ventilator za monta\u017eu na stolu ili zidu. Napajanje putem uti\u010dnice za upalja\u010d za cigarete<\/p>\n","protected":false},"featured_media":5937359,"comment_status":"closed","ping_status":"closed","template":"","meta":[],"product_brand":[3236],"product_cat":[1647],"product_tag":[],"class_list":{"0":"post-3687154","1":"product","2":"type-product","3":"status-publish","4":"has-post-thumbnail","6":"product_brand-osculati-hr","7":"product_cat-uredaji-za-brodske-kuhinje","9":"first","10":"instock","11":"shipping-taxable","12":"purchasable","13":"product-type-simple"},"_links":{"self":[{"href":"https:\/\/stoic-curie.212-227-153-4.plesk.page\/hr\/wp-json\/wp\/v2\/product\/3687154","targetHints":{"allow":["GET"]}}],"collection":[{"href":"https:\/\/stoic-curie.212-227-153-4.plesk.page\/hr\/wp-json\/wp\/v2\/product"}],"about":[{"href":"https:\/\/stoic-curie.212-227-153-4.plesk.page\/hr\/wp-json\/wp\/v2\/types\/product"}],"replies":[{"embeddable":true,"href":"https:\/\/stoic-curie.212-227-153-4.plesk.page\/hr\/wp-json\/wp\/v2\/comments?post=3687154"}],"version-history":[{"count":0,"href":"https:\/\/stoic-curie.212-227-153-4.plesk.page\/hr\/wp-json\/wp\/v2\/product\/3687154\/revisions"}],"wp:featuredmedia":[{"embeddable":true,"href":"https:\/\/stoic-curie.212-227-153-4.plesk.page\/hr\/wp-json\/wp\/v2\/media\/5937359"}],"wp:attachment":[{"href":"https:\/\/stoic-curie.212-227-153-4.plesk.page\/hr\/wp-json\/wp\/v2\/media?parent=3687154"}],"wp:term":[{"taxonomy":"product_brand","embeddable":true,"href":"https:\/\/stoic-curie.212-227-153-4.plesk.page\/hr\/wp-json\/wp\/v2\/product_brand?post=3687154"},{"taxonomy":"product_cat","embeddable":true,"href":"https:\/\/stoic-curie.212-227-153-4.plesk.page\/hr\/wp-json\/wp\/v2\/product_cat?post=3687154"},{"taxonomy":"product_tag","embeddable":true,"href":"https:\/\/stoic-curie.212-227-153-4.plesk.page\/hr\/wp-json\/wp\/v2\/product_tag?post=3687154"}],"curies":[{"name":"wp","href":"https:\/\/api.w.org\/{rel}","templated":true}]}}