{"id":3687161,"date":"2025-10-13T13:28:44","date_gmt":"2025-10-13T17:28:44","guid":{"rendered":"https:\/\/stoic-curie.212-227-153-4.plesk.page\/product\/vodootporna-torba-aquapac-lime-28-x-16-cm-7-litara\/"},"modified":"2026-02-25T00:00:40","modified_gmt":"2026-02-25T00:00:40","slug":"vodootporna-torba-aquapac-lime-28-x-16-cm-7-litara","status":"publish","type":"product","link":"https:\/\/stoic-curie.212-227-153-4.plesk.page\/hr\/product\/vodootporna-torba-aquapac-lime-28-x-16-cm-7-litara\/","title":{"rendered":"Vodootporna torba Aquapac Lime 28 x 16 cm 7 litara"},"content":{"rendered":"<p>Vodootporna torba Aquapac Lime 28 x 16 cm 7 litara &#8211; <\/p>\n<p>\u010cvrsta vodootporna torba izra\u0111ena od PVC-om prekrivene kanvasne tkanine oja\u010dane nylon trakom 500D.<\/p>\n","protected":false},"excerpt":{"rendered":"<p>Vodootporna torba Aquapac Lime 28 x 16 cm 7 litara &#8211; \u010cvrsta vodootporna torba izra\u0111ena od PVC-om prekrivene kanvasne tkanine<\/p>\n","protected":false},"featured_media":5937389,"comment_status":"closed","ping_status":"closed","template":"","meta":[],"product_brand":[2796],"product_cat":[1855],"product_tag":[],"class_list":{"0":"post-3687161","1":"product","2":"type-product","3":"status-publish","4":"has-post-thumbnail","6":"product_brand-aquapac-hr","7":"product_cat-suhe-torbe","9":"first","10":"instock","11":"shipping-taxable","12":"purchasable","13":"product-type-simple"},"_links":{"self":[{"href":"https:\/\/stoic-curie.212-227-153-4.plesk.page\/hr\/wp-json\/wp\/v2\/product\/3687161","targetHints":{"allow":["GET"]}}],"collection":[{"href":"https:\/\/stoic-curie.212-227-153-4.plesk.page\/hr\/wp-json\/wp\/v2\/product"}],"about":[{"href":"https:\/\/stoic-curie.212-227-153-4.plesk.page\/hr\/wp-json\/wp\/v2\/types\/product"}],"replies":[{"embeddable":true,"href":"https:\/\/stoic-curie.212-227-153-4.plesk.page\/hr\/wp-json\/wp\/v2\/comments?post=3687161"}],"version-history":[{"count":0,"href":"https:\/\/stoic-curie.212-227-153-4.plesk.page\/hr\/wp-json\/wp\/v2\/product\/3687161\/revisions"}],"wp:featuredmedia":[{"embeddable":true,"href":"https:\/\/stoic-curie.212-227-153-4.plesk.page\/hr\/wp-json\/wp\/v2\/media\/5937389"}],"wp:attachment":[{"href":"https:\/\/stoic-curie.212-227-153-4.plesk.page\/hr\/wp-json\/wp\/v2\/media?parent=3687161"}],"wp:term":[{"taxonomy":"product_brand","embeddable":true,"href":"https:\/\/stoic-curie.212-227-153-4.plesk.page\/hr\/wp-json\/wp\/v2\/product_brand?post=3687161"},{"taxonomy":"product_cat","embeddable":true,"href":"https:\/\/stoic-curie.212-227-153-4.plesk.page\/hr\/wp-json\/wp\/v2\/product_cat?post=3687161"},{"taxonomy":"product_tag","embeddable":true,"href":"https:\/\/stoic-curie.212-227-153-4.plesk.page\/hr\/wp-json\/wp\/v2\/product_tag?post=3687161"}],"curies":[{"name":"wp","href":"https:\/\/api.w.org\/{rel}","templated":true}]}}