{"id":3687168,"date":"2025-10-13T13:28:45","date_gmt":"2025-10-13T17:28:45","guid":{"rendered":"https:\/\/stoic-curie.212-227-153-4.plesk.page\/product\/vodootporna-vreca-aquapac-8-lt-30-x-16-cm\/"},"modified":"2026-02-25T00:00:40","modified_gmt":"2026-02-25T00:00:40","slug":"vodootporna-vreca-aquapac-8-lt-30-x-16-cm","status":"publish","type":"product","link":"https:\/\/stoic-curie.212-227-153-4.plesk.page\/hr\/product\/vodootporna-vreca-aquapac-8-lt-30-x-16-cm\/","title":{"rendered":"Vodootporna vre\u0107a Aquapac 8 lt (30 x 16 cm)"},"content":{"rendered":"<p>Vodootporna vre\u0107a Aquapac 8 lt (30 x 16 cm) &#8211; <\/p>\n<p>Vodootporna prozirna vre\u0107a od najlona 75D prekrivena silikon. Prakti\u010dna, vrlo lagana i s dr\u0161kama na oba kraja. Korisna za odvajanje stvari i sprje\u010davanje curenja iz toaletnih ili drugih spremnika.<\/p>\n","protected":false},"excerpt":{"rendered":"<p>Vodootporna vre\u0107a Aquapac 8 lt (30 x 16 cm) &#8211; Vodootporna prozirna vre\u0107a od najlona 75D prekrivena silikon. Prakti\u010dna, vrlo<\/p>\n","protected":false},"featured_media":5937405,"comment_status":"closed","ping_status":"closed","template":"","meta":[],"product_brand":[2796],"product_cat":[1855],"product_tag":[],"class_list":{"0":"post-3687168","1":"product","2":"type-product","3":"status-publish","4":"has-post-thumbnail","6":"product_brand-aquapac-hr","7":"product_cat-suhe-torbe","9":"first","10":"instock","11":"shipping-taxable","12":"purchasable","13":"product-type-simple"},"_links":{"self":[{"href":"https:\/\/stoic-curie.212-227-153-4.plesk.page\/hr\/wp-json\/wp\/v2\/product\/3687168","targetHints":{"allow":["GET"]}}],"collection":[{"href":"https:\/\/stoic-curie.212-227-153-4.plesk.page\/hr\/wp-json\/wp\/v2\/product"}],"about":[{"href":"https:\/\/stoic-curie.212-227-153-4.plesk.page\/hr\/wp-json\/wp\/v2\/types\/product"}],"replies":[{"embeddable":true,"href":"https:\/\/stoic-curie.212-227-153-4.plesk.page\/hr\/wp-json\/wp\/v2\/comments?post=3687168"}],"version-history":[{"count":0,"href":"https:\/\/stoic-curie.212-227-153-4.plesk.page\/hr\/wp-json\/wp\/v2\/product\/3687168\/revisions"}],"wp:featuredmedia":[{"embeddable":true,"href":"https:\/\/stoic-curie.212-227-153-4.plesk.page\/hr\/wp-json\/wp\/v2\/media\/5937405"}],"wp:attachment":[{"href":"https:\/\/stoic-curie.212-227-153-4.plesk.page\/hr\/wp-json\/wp\/v2\/media?parent=3687168"}],"wp:term":[{"taxonomy":"product_brand","embeddable":true,"href":"https:\/\/stoic-curie.212-227-153-4.plesk.page\/hr\/wp-json\/wp\/v2\/product_brand?post=3687168"},{"taxonomy":"product_cat","embeddable":true,"href":"https:\/\/stoic-curie.212-227-153-4.plesk.page\/hr\/wp-json\/wp\/v2\/product_cat?post=3687168"},{"taxonomy":"product_tag","embeddable":true,"href":"https:\/\/stoic-curie.212-227-153-4.plesk.page\/hr\/wp-json\/wp\/v2\/product_tag?post=3687168"}],"curies":[{"name":"wp","href":"https:\/\/api.w.org\/{rel}","templated":true}]}}